{"id":3305,"date":"2025-03-06T12:37:49","date_gmt":"2025-03-06T12:37:49","guid":{"rendered":"https:\/\/simulationcentre.org\/partneruniversitaeten\/"},"modified":"2025-09-10T07:03:25","modified_gmt":"2025-09-10T07:03:25","slug":"partneruniversitaeten","status":"publish","type":"page","link":"https:\/\/simulationcentre.org\/de\/partneruniversitaeten\/","title":{"rendered":"Partneruniversit\u00e4ten"},"content":{"rendered":"<p>[et_pb_section fb_built=&#8220;1&#8243; _builder_version=&#8220;4.27.4&#8243; _module_preset=&#8220;default&#8220; custom_margin=&#8220;0px||0px||false|false&#8220; custom_padding=&#8220;0px||0px||false|false&#8220; global_colors_info=&#8220;{}&#8220;][et_pb_row _builder_version=&#8220;4.27.4&#8243; _module_preset=&#8220;default&#8220; background_enable_color=&#8220;off&#8220; width=&#8220;100%&#8220; custom_margin=&#8220;0px||0px||false|false&#8220; custom_padding=&#8220;0px||0px||false|false&#8220; global_colors_info=&#8220;{}&#8220;][et_pb_column type=&#8220;4_4&#8243; _builder_version=&#8220;4.27.4&#8243; _module_preset=&#8220;default&#8220; global_colors_info=&#8220;{}&#8220;][et_pb_slider arrows_custom_color=&#8220;#580100&#8243; dot_nav_custom_color=&#8220;#580100&#8243; _builder_version=&#8220;4.27.4&#8243; _module_preset=&#8220;default&#8220; min_height_tablet=&#8220;&#8220; min_height_phone=&#8220;&#8220; min_height_last_edited=&#8220;on|desktop&#8220; custom_margin=&#8220;|||0px|false|false&#8220; custom_padding=&#8220;|||0px|false|false&#8220; auto=&#8220;on&#8220; auto_ignore_hover=&#8220;on&#8220; global_colors_info=&#8220;{}&#8220;][et_pb_slide use_text_overlay=&#8220;on&#8220; text_overlay_color=&#8220;rgba(255,255,255,0)&#8220; arrows_custom_color=&#8220;#580100&#8243; dot_nav_custom_color=&#8220;#580100&#8243; admin_title=&#8220;2&#8243; text_overlay_color_tablet=&#8220;rgba(255,255,255,0.5)&#8220; text_overlay_color_phone=&#8220;rgba(255,255,255,0.5)&#8220; text_overlay_color_last_edited=&#8220;on|phone&#8220; _builder_version=&#8220;4.27.4&#8243; _module_preset=&#8220;default&#8220; header_level=&#8220;h2&#8243; header_font=&#8220;|600|||||||&#8220; header_text_align=&#8220;left&#8220; header_text_color=&#8220;#580100&#8243; body_font=&#8220;||||||||&#8220; body_text_color=&#8220;#580100&#8243; body_line_height=&#8220;1.5em&#8220; background_enable_color=&#8220;off&#8220; background_image=&#8220;https:\/\/simulationcentre.org\/wp-content\/uploads\/2025\/03\/Our-Partner-Universities.jpg&#8220; background_enable_image=&#8220;on&#8220; text_orientation=&#8220;left&#8220; background_layout=&#8220;light&#8220; custom_padding_tablet=&#8220;||||false|false&#8220; custom_padding_phone=&#8220;||||false|false&#8220; custom_padding_last_edited=&#8220;on|phone&#8220; body_font_size_last_edited=&#8220;off|desktop&#8220; global_colors_info=&#8220;{}&#8220; sticky_transition=&#8220;on&#8220;]<\/p>\n<h2 style=\"text-align: left;\">Unsere Partner-<br \/>Universit\u00e4ten:<\/h2>\n<p style=\"text-align: left;\">Gemeinsam die Zukunft<br \/>gestalten<\/p>\n<p>[\/et_pb_slide][\/et_pb_slider][\/et_pb_column][\/et_pb_row][et_pb_row _builder_version=&#8220;4.27.4&#8243; _module_preset=&#8220;default&#8220; custom_padding=&#8220;20px|20px|20px|20px|false|false&#8220; global_colors_info=&#8220;{}&#8220;][et_pb_column type=&#8220;4_4&#8243; _builder_version=&#8220;4.27.4&#8243; _module_preset=&#8220;default&#8220; global_colors_info=&#8220;{}&#8220;][et_pb_text _builder_version=&#8220;4.27.4&#8243; _module_preset=&#8220;default&#8220; global_colors_info=&#8220;{}&#8220;]<\/p>\n<p>Wir sind stolz darauf, mit f\u00fchrenden Universit\u00e4ten zusammenzuarbeiten, um das <strong>Thinking Ahead Academic Programme<\/strong> zum Leben zu erwecken. Gemeinsam bef\u00e4higen wir Studierende, Forschende und Fachleute, komplexe globale Herausforderungen durch fortschrittliche Werkzeuge, modernste Methoden und transformative Bildung anzugehen. <\/p>\n<p>[\/et_pb_text][\/et_pb_column][\/et_pb_row][et_pb_row _builder_version=&#8220;4.27.4&#8243; _module_preset=&#8220;default&#8220; background_color=&#8220;#EBEBEB&#8220; custom_margin=&#8220;||30px||false|false&#8220; custom_padding=&#8220;20px|20px|20px|20px|false|false&#8220; hover_enabled=&#8220;0&#8243; global_colors_info=&#8220;{}&#8220; disabled_on=&#8220;on|on|on&#8220; disabled=&#8220;on&#8220; sticky_enabled=&#8220;0&#8243;][et_pb_column type=&#8220;4_4&#8243; _builder_version=&#8220;4.27.4&#8243; _module_preset=&#8220;default&#8220; global_colors_info=&#8220;{}&#8220;][et_pb_text _builder_version=&#8220;4.27.4&#8243; _module_preset=&#8220;default&#8220; global_colors_info=&#8220;{}&#8220;]<\/p>\n<p><strong>Erfahren Sie, wie unsere Partnerinstitutionen systemisches Denken in ihre akademische Exzellenz integrieren.<\/strong><br \/>Gewinnen Sie exklusive Einblicke von unseren Partneruniversit\u00e4ten.<\/p>\n<p>[\/et_pb_text][dica_divi_carousel loop=&#8220;on&#8220; autoplay=&#8220;on&#8220; autoplay_speed=&#8220;7000&#8243; arrow_nav=&#8220;on&#8220; arrow_nav_color=&#8220;#ffffff&#8220; arrow_bg_color=&#8220;#EBEBEB&#8220; dots_active_color=&#8220;#580100&#8243; overlay_color_field_bgcolor=&#8220;rgba(255,255,255,0.85)&#8220; carousel_container_margin=&#8220;||||false|false&#8220; carousel_container_padding=&#8220;||||false|false&#8220; item_padding=&#8220;||||false|false&#8220; content_container_padding=&#8220;20px|20px|20px|20px|false|false&#8220; _builder_version=&#8220;4.27.4&#8243; _module_preset=&#8220;default&#8220; background_color=&#8220;#FFFFFF&#8220; global_colors_info=&#8220;{}&#8220;][dica_divi_carouselitem title=&#8220;Dr. Aaron Glassman&#8220; sub_title=&#8220;Leiter der Fakult\u00e4tsfinanzen&#8220; field_enable_content_limit=&#8220;off&#8220; button_url_new_window=&#8220;1&#8243; image=&#8220;https:\/\/simulationcentre.org\/wp-content\/uploads\/2025\/03\/1a.jpg&#8220; _builder_version=&#8220;4.27.4&#8243; _module_preset=&#8220;default&#8220; global_colors_info=&#8220;{}&#8220;]<\/p>\n<p><strong>Name Ihrer Universit\u00e4t<\/strong><\/p>\n<p>Lorem ipsum dolor sit amet, consectetur adipiscing elit, sed do eiusmod tempor incididunt ut labore et dolore magna aliqua. Quis ipsum suspendisse ultrices gravida.   <\/p>\n<p>[\/dica_divi_carouselitem][dica_divi_carouselitem title=&#8220;Dr. Aaron Glassman&#8220; sub_title=&#8220;Leiter der Fakult\u00e4tsfinanzen&#8220; field_enable_content_limit=&#8220;off&#8220; button_url_new_window=&#8220;1&#8243; image=&#8220;https:\/\/simulationcentre.org\/wp-content\/uploads\/2025\/03\/1a.jpg&#8220; _builder_version=&#8220;4.27.4&#8243; _module_preset=&#8220;default&#8220; global_colors_info=&#8220;{}&#8220;]<\/p>\n<p><strong>Name Ihrer Universit\u00e4t<\/strong><\/p>\n<p>Lorem ipsum dolor sit amet, consectetur adipiscing elit, sed do eiusmod tempor incididunt ut labore et dolore magna aliqua. Quis ipsum suspendisse ultrices gravida.   <\/p>\n<p>[\/dica_divi_carouselitem][dica_divi_carouselitem title=&#8220;Dr. Aaron Glassman&#8220; sub_title=&#8220;Leiter der Fakult\u00e4tsfinanzen&#8220; field_enable_content_limit=&#8220;off&#8220; button_url_new_window=&#8220;1&#8243; image=&#8220;https:\/\/simulationcentre.org\/wp-content\/uploads\/2025\/03\/1a.jpg&#8220; _builder_version=&#8220;4.27.4&#8243; _module_preset=&#8220;default&#8220; global_colors_info=&#8220;{}&#8220;]<\/p>\n<p><strong>Name Ihrer Universit\u00e4t<\/strong><\/p>\n<p>Lorem ipsum dolor sit amet, consectetur adipiscing elit, sed do eiusmod tempor incididunt ut labore et dolore magna aliqua. Quis ipsum suspendisse ultrices gravida.   <\/p>\n<p>[\/dica_divi_carouselitem][dica_divi_carouselitem title=&#8220;Dr. Aaron Glassman&#8220; sub_title=&#8220;Leiter der Fakult\u00e4tsfinanzen&#8220; field_enable_content_limit=&#8220;off&#8220; button_url_new_window=&#8220;1&#8243; image=&#8220;https:\/\/simulationcentre.org\/wp-content\/uploads\/2025\/03\/1a.jpg&#8220; _builder_version=&#8220;4.27.4&#8243; _module_preset=&#8220;default&#8220; global_colors_info=&#8220;{}&#8220;]<\/p>\n<p><strong>Name Ihrer Universit\u00e4t<\/strong><\/p>\n<p>Lorem ipsum dolor sit amet, consectetur adipiscing elit, sed do eiusmod tempor incididunt ut labore et dolore magna aliqua. Quis ipsum suspendisse ultrices gravida.   <\/p>\n<p>[\/dica_divi_carouselitem][dica_divi_carouselitem title=&#8220;Dr. Aaron Glassman&#8220; sub_title=&#8220;Leiter der Fakult\u00e4tsfinanzen&#8220; field_enable_content_limit=&#8220;off&#8220; button_url_new_window=&#8220;1&#8243; image=&#8220;https:\/\/simulationcentre.org\/wp-content\/uploads\/2025\/03\/1a.jpg&#8220; _builder_version=&#8220;4.27.4&#8243; _module_preset=&#8220;default&#8220; global_colors_info=&#8220;{}&#8220;]<\/p>\n<p><strong>Name Ihrer Universit\u00e4t<\/strong><\/p>\n<p>Lorem ipsum dolor sit amet, consectetur adipiscing elit, sed do eiusmod tempor incididunt ut labore et dolore magna aliqua. Quis ipsum suspendisse ultrices gravida.   <\/p>\n<p>[\/dica_divi_carouselitem][\/dica_divi_carousel][\/et_pb_column][\/et_pb_row][et_pb_row column_structure=&#8220;1_2,1_2&#8243; _builder_version=&#8220;4.27.4&#8243; _module_preset=&#8220;default&#8220; background_color=&#8220;#EBEBEB&#8220; custom_margin=&#8220;||30px||false|false&#8220; custom_padding=&#8220;||||false|false&#8220; global_colors_info=&#8220;{}&#8220;][et_pb_column type=&#8220;1_2&#8243; _builder_version=&#8220;4.27.4&#8243; _module_preset=&#8220;default&#8220; global_colors_info=&#8220;{}&#8220;][et_pb_image src=&#8220;https:\/\/simulationcentre.org\/wp-content\/uploads\/2025\/03\/Onboarding-Guide.jpg&#8220; title_text=&#8220;Onboarding-Leitfaden&#8220; url=&#8220;https:\/\/simulationcentre.org\/onboarding-guide-ta\/&#8220; _builder_version=&#8220;4.27.4&#8243; _module_preset=&#8220;default&#8220; global_colors_info=&#8220;{}&#8220;][\/et_pb_image][\/et_pb_column][et_pb_column type=&#8220;1_2&#8243; _builder_version=&#8220;4.27.4&#8243; _module_preset=&#8220;default&#8220; global_colors_info=&#8220;{}&#8220;][et_pb_cta title=&#8220;Interesse, eine Partneruniversit\u00e4t zu werden?&#8220; button_url=&#8220;https:\/\/simulationcentre.org\/onboarding-guide-ta\/&#8220; button_text=&#8220;Onboarding-Leitfaden&#8220; _builder_version=&#8220;4.27.4&#8243; _module_preset=&#8220;default&#8220; background_enable_color=&#8220;off&#8220; text_orientation=&#8220;left&#8220; background_layout=&#8220;light&#8220; custom_padding=&#8220;20%|30%|||false|false&#8220; custom_padding_tablet=&#8220;0%|0%|||false|false&#8220; custom_padding_phone=&#8220;0%|0%|||false|false&#8220; custom_padding_last_edited=&#8220;on|desktop&#8220; global_colors_info=&#8220;{}&#8220;]<\/p>\n<p>Interagieren Sie mit unserem KI-gest\u00fctzten Onboarding-Leitfaden und entdecken Sie die Schritte, um sich uns anzuschlie\u00dfen!<\/p>\n<p>[\/et_pb_cta][\/et_pb_column][\/et_pb_row][\/et_pb_section]<\/p>\n","protected":false},"excerpt":{"rendered":"<p>Unsere Partner-Universit\u00e4ten: Gemeinsam die ZukunftgestaltenWir sind stolz darauf, mit f\u00fchrenden Universit\u00e4ten zusammenzuarbeiten, um das Thinking Ahead Academic Programme zum Leben zu erwecken. Gemeinsam bef\u00e4higen wir Studierende, Forschende und Fachleute, komplexe globale Herausforderungen durch fortschrittliche Werkzeuge, modernste Methoden und transformative Bildung anzugehen. Erfahren Sie, wie unsere Partnerinstitutionen systemisches Denken in ihre akademische Exzellenz integrieren.Gewinnen Sie exklusive [&hellip;]<\/p>\n","protected":false},"author":1,"featured_media":0,"parent":0,"menu_order":0,"comment_status":"closed","ping_status":"closed","template":"","meta":{"_et_pb_use_builder":"on","_et_pb_old_content":"","_et_gb_content_width":"","footnotes":""},"class_list":["post-3305","page","type-page","status-publish","hentry"],"_links":{"self":[{"href":"https:\/\/simulationcentre.org\/de\/wp-json\/wp\/v2\/pages\/3305","targetHints":{"allow":["GET"]}}],"collection":[{"href":"https:\/\/simulationcentre.org\/de\/wp-json\/wp\/v2\/pages"}],"about":[{"href":"https:\/\/simulationcentre.org\/de\/wp-json\/wp\/v2\/types\/page"}],"author":[{"embeddable":true,"href":"https:\/\/simulationcentre.org\/de\/wp-json\/wp\/v2\/users\/1"}],"replies":[{"embeddable":true,"href":"https:\/\/simulationcentre.org\/de\/wp-json\/wp\/v2\/comments?post=3305"}],"version-history":[{"count":4,"href":"https:\/\/simulationcentre.org\/de\/wp-json\/wp\/v2\/pages\/3305\/revisions"}],"predecessor-version":[{"id":3315,"href":"https:\/\/simulationcentre.org\/de\/wp-json\/wp\/v2\/pages\/3305\/revisions\/3315"}],"wp:attachment":[{"href":"https:\/\/simulationcentre.org\/de\/wp-json\/wp\/v2\/media?parent=3305"}],"curies":[{"name":"wp","href":"https:\/\/api.w.org\/{rel}","templated":true}]}}