{"id":1544,"date":"2025-03-06T12:48:34","date_gmt":"2025-03-06T12:48:34","guid":{"rendered":"https:\/\/simulationcentre.org\/sobre-nosotros\/"},"modified":"2025-09-10T07:16:49","modified_gmt":"2025-09-10T07:16:49","slug":"sobre-nosotros","status":"publish","type":"page","link":"https:\/\/simulationcentre.org\/es\/sobre-nosotros\/","title":{"rendered":"Sobre nosotros"},"content":{"rendered":"<p>[et_pb_section fb_built=\u00bb1&#8243; _builder_version=\u00bb4.27.4&#8243; _module_preset=\u00bbdefault\u00bb custom_margin=\u00bb0px||0px||false|false\u00bb custom_padding=\u00bb0px||0px||false|false\u00bb global_colors_info=\u00bb{}\u00bb][et_pb_row _builder_version=\u00bb4.27.4&#8243; _module_preset=\u00bbdefault\u00bb background_enable_color=\u00bboff\u00bb width=\u00bb100%\u00bb custom_margin=\u00bb0px||0px||false|false\u00bb custom_padding=\u00bb0px||0px||false|false\u00bb global_colors_info=\u00bb{}\u00bb][et_pb_column type=\u00bb4_4&#8243; _builder_version=\u00bb4.27.4&#8243; _module_preset=\u00bbdefault\u00bb global_colors_info=\u00bb{}\u00bb][et_pb_video src=\u00bbhttps:\/\/player.vimeo.com\/video\/1115413350&#8243; _builder_version=\u00bb4.27.4&#8243; _module_preset=\u00bbdefault\u00bb hover_enabled=\u00bb0&#8243; global_colors_info=\u00bb{}\u00bb sticky_enabled=\u00bb0&#8243;][\/et_pb_video][\/et_pb_column][\/et_pb_row][et_pb_row column_structure=\u00bb3_4,1_4&#8243; _builder_version=\u00bb4.27.4&#8243; _module_preset=\u00bbdefault\u00bb global_colors_info=\u00bb{}\u00bb][et_pb_column type=\u00bb3_4&#8243; _builder_version=\u00bb4.27.4&#8243; _module_preset=\u00bbdefault\u00bb global_colors_info=\u00bb{}\u00bb][et_pb_text _builder_version=\u00bb4.27.4&#8243; _module_preset=\u00bbdefault\u00bb global_colors_info=\u00bb{}\u00bb]<\/p>\n<h1>Sobre nosotros<\/h1>\n<p><strong>La ISCM Foundation patrocina el programa Thinking Ahead, sirviendo como una organizaci\u00f3n paraguas dedicada a beneficiar a la sociedad civil y el medio ambiente.<\/strong><\/p>\n<p><strong>Nos centramos en fomentar el pensamiento cr\u00edtico entre los empresarios creando escuelas de negocios, ofreciendo becas completas a personas con talento y financiando sus proyectos cuando sea necesario.<\/strong><\/p>\n<p>Como <strong>organizaci\u00f3n mundial<\/strong> con sede en Bruselas (B\u00e9lgica), ISCM opera mediante una estructura basada en la confianza para garantizar que todos los ingresos generados se destinan exclusivamente al <strong>bien social<\/strong> y a <strong>inversiones educativas<\/strong>. Las acciones de los accionistas se mantienen en un fideicomiso gestionado por la <strong>Plataforma de Integridad<\/strong>, que supervisa el cumplimiento de los objetivos de ISCM y garantiza la alineaci\u00f3n con nuestra visi\u00f3n y misi\u00f3n. <\/p>\n<p>Para garantizar la transparencia y la integridad, las pol\u00edticas de ISCM se rigen por estatutos y son supervisadas por auditores independientes, expertos jur\u00eddicos y profesionales del cumplimiento. Nuestra misi\u00f3n es desarrollar habilidades, capacitar a los empresarios y apoyar la creaci\u00f3n de capacidad local, demostrando nuestro compromiso de crear impacto social y beneficiar a las partes interesadas. <\/p>\n<p>Le invitamos a apoyar nuestra misi\u00f3n y marcar la diferencia contribuyendo al programa Thinking Ahead<br \/>\n, promoviendo la educaci\u00f3n y empoderando a los futuros l\u00edderes. <strong><a href=\"https:\/\/simulationcentre.org\/es\/apoya-el-futuro-de-la-educacion\/\">Haga clic aqu\u00ed para obtener m\u00e1s informaci\u00f3n.<\/a><\/strong>[\/et_pb_text][\/et_pb_column][et_pb_column type=\u00bb1_4&#8243; _builder_version=\u00bb4.27.4&#8243; _module_preset=\u00bbdefault\u00bb global_colors_info=\u00bb{}\u00bb][et_pb_image src=\u00bbhttps:\/\/simulationcentre.org\/wp-content\/uploads\/2025\/03\/ISCM-Foundation.png\u00bb title_text=\u00bbISCM-Fundaci\u00f3n\u00bb align=\u00bbcenter\u00bb _builder_version=\u00bb4.27.4&#8243; _module_preset=\u00bbdefault\u00bb custom_margin=\u00bb50%||||false|false\u00bb custom_margin_tablet=\u00bb0%||||false|false\u00bb custom_margin_phone=\u00bb0%||||false|false\u00bb custom_margin_last_edited=\u00bbon|desktop\u00bb global_colors_info=\u00bb{}\u00bb][\/et_pb_image][\/et_pb_column][\/et_pb_row][\/et_pb_section][et_pb_section fb_built=\u00bb1&#8243; _builder_version=\u00bb4.27.4&#8243; _module_preset=\u00bbdefault\u00bb background_color=\u00bb#EBEBEB\u00bb custom_margin=\u00bb0px||30px||false|false\u00bb custom_padding=\u00bb0px||0px||false|false\u00bb global_colors_info=\u00bb{}\u00bb][et_pb_row _builder_version=\u00bb4.27.4&#8243; _module_preset=\u00bbdefault\u00bb global_colors_info=\u00bb{}\u00bb][et_pb_column type=\u00bb4_4&#8243; _builder_version=\u00bb4.27.4&#8243; _module_preset=\u00bbdefault\u00bb global_colors_info=\u00bb{}\u00bb][et_pb_text _builder_version=\u00bb4.27.4&#8243; _module_preset=\u00bbdefault\u00bb global_colors_info=\u00bb{}\u00bb]<\/p>\n<p style=\"font-weight: 400;\"><strong>Puede visitar nuestra sede en Bruselas programando una cita:<\/strong><\/p>\n<p>[\/et_pb_text][\/et_pb_column][\/et_pb_row][et_pb_row column_structure=\u00bb1_2,1_2&#8243; _builder_version=\u00bb4.27.4&#8243; _module_preset=\u00bbdefault\u00bb global_colors_info=\u00bb{}\u00bb][et_pb_column type=\u00bb1_2&#8243; _builder_version=\u00bb4.27.4&#8243; _module_preset=\u00bbdefault\u00bb global_colors_info=\u00bb{}\u00bb][et_pb_text _builder_version=\u00bb4.27.4&#8243; _module_preset=\u00bbdefault\u00bb global_colors_info=\u00bb{}\u00bb]<\/p>\n<p><strong>ISCM Foundation vzw<\/strong><br \/>Square de Meeus 38\/40<br \/>1000 Bruselas, B\u00e9lgica<br \/>N.\u00ba de registro: BE0843.134.292<\/p>\n<p>[\/et_pb_text][\/et_pb_column][et_pb_column type=\u00bb1_2&#8243; _builder_version=\u00bb4.27.4&#8243; _module_preset=\u00bbdefault\u00bb global_colors_info=\u00bb{}\u00bb][et_pb_blurb title=\u00bbConsejero Delegado\u00bb image=\u00bbhttps:\/\/simulationcentre.org\/wp-content\/uploads\/2025\/03\/Icons-10.png\u00bb icon_placement=\u00bbleft\u00bb _builder_version=\u00bb4.27.4&#8243; _module_preset=\u00bbdefault\u00bb global_colors_info=\u00bb{}\u00bb]<\/p>\n<p>H. Excmo. Sr. Dr. Mohamed Omaar<\/p>\n<p>[\/et_pb_blurb][et_pb_blurb title=\u00bbPresidente del Consejo de Supervisi\u00f3n\u00bb image=\u00bbhttps:\/\/simulationcentre.org\/wp-content\/uploads\/2025\/03\/Icons-10.png\u00bb icon_placement=\u00bbleft\u00bb _builder_version=\u00bb4.27.4&#8243; _module_preset=\u00bbdefault\u00bb global_colors_info=\u00bb{}\u00bb]<\/p>\n<p>Dr. Zsolt Nyiri<\/p>\n<p>[\/et_pb_blurb][\/et_pb_column][\/et_pb_row][\/et_pb_section]<\/p>\n","protected":false},"excerpt":{"rendered":"<p>Sobre nosotros La ISCM Foundation patrocina el programa Thinking Ahead, sirviendo como una organizaci\u00f3n paraguas dedicada a beneficiar a la sociedad civil y el medio ambiente. Nos centramos en fomentar el pensamiento cr\u00edtico entre los empresarios creando escuelas de negocios, ofreciendo becas completas a personas con talento y financiando sus proyectos cuando sea necesario. Como [&hellip;]<\/p>\n","protected":false},"author":1,"featured_media":0,"parent":0,"menu_order":0,"comment_status":"closed","ping_status":"closed","template":"","meta":{"_et_pb_use_builder":"on","_et_pb_old_content":"","_et_gb_content_width":"","footnotes":""},"class_list":["post-1544","page","type-page","status-publish","hentry"],"_links":{"self":[{"href":"https:\/\/simulationcentre.org\/es\/wp-json\/wp\/v2\/pages\/1544","targetHints":{"allow":["GET"]}}],"collection":[{"href":"https:\/\/simulationcentre.org\/es\/wp-json\/wp\/v2\/pages"}],"about":[{"href":"https:\/\/simulationcentre.org\/es\/wp-json\/wp\/v2\/types\/page"}],"author":[{"embeddable":true,"href":"https:\/\/simulationcentre.org\/es\/wp-json\/wp\/v2\/users\/1"}],"replies":[{"embeddable":true,"href":"https:\/\/simulationcentre.org\/es\/wp-json\/wp\/v2\/comments?post=1544"}],"version-history":[{"count":35,"href":"https:\/\/simulationcentre.org\/es\/wp-json\/wp\/v2\/pages\/1544\/revisions"}],"predecessor-version":[{"id":3716,"href":"https:\/\/simulationcentre.org\/es\/wp-json\/wp\/v2\/pages\/1544\/revisions\/3716"}],"wp:attachment":[{"href":"https:\/\/simulationcentre.org\/es\/wp-json\/wp\/v2\/media?parent=1544"}],"curies":[{"name":"wp","href":"https:\/\/api.w.org\/{rel}","templated":true}]}}