{"id":1603,"date":"2025-03-06T12:48:34","date_gmt":"2025-03-06T12:48:34","guid":{"rendered":"https:\/\/simulationcentre.org\/a-propos-de-nous\/"},"modified":"2025-09-10T07:16:53","modified_gmt":"2025-09-10T07:16:53","slug":"a-propos-de-nous","status":"publish","type":"page","link":"https:\/\/simulationcentre.org\/fr\/a-propos-de-nous\/","title":{"rendered":"A propos de nous"},"content":{"rendered":"<p>[et_pb_section fb_built=\u00a0\u00bb1&Prime; _builder_version=\u00a0\u00bb4.27.4&Prime; _module_preset=\u00a0\u00bbdefault\u00a0\u00bb custom_margin=\u00a0\u00bb0px||0px||false|false\u00a0\u00bb custom_padding=\u00a0\u00bb0px||0px||false|false\u00a0\u00bb global_colors_info=\u00a0\u00bb{}\u00a0\u00bb][et_pb_row _builder_version=\u00a0\u00bb4.27.4&Prime; _module_preset=\u00a0\u00bbdefault\u00a0\u00bb background_enable_color=\u00a0\u00bboff\u00a0\u00bb width=\u00a0\u00bb100%\u00a0\u00bb custom_margin=\u00a0\u00bb0px||0px||false|false\u00a0\u00bb custom_padding=\u00a0\u00bb0px||0px||false|false\u00a0\u00bb global_colors_info=\u00a0\u00bb{}\u00a0\u00bb][et_pb_column type=\u00a0\u00bb4_4&Prime; _builder_version=\u00a0\u00bb4.27.4&Prime; _module_preset=\u00a0\u00bbdefault\u00a0\u00bb global_colors_info=\u00a0\u00bb{}\u00a0\u00bb][et_pb_video src=\u00a0\u00bbhttps:\/\/player.vimeo.com\/video\/1115413350&Prime; _builder_version=\u00a0\u00bb4.27.4&Prime; _module_preset=\u00a0\u00bbdefault\u00a0\u00bb hover_enabled=\u00a0\u00bb0&Prime; global_colors_info=\u00a0\u00bb{}\u00a0\u00bb sticky_enabled=\u00a0\u00bb0&Prime;][\/et_pb_video][\/et_pb_column][\/et_pb_row][et_pb_row column_structure=\u00a0\u00bb3_4,1_4&Prime; _builder_version=\u00a0\u00bb4.27.4&Prime; _module_preset=\u00a0\u00bbdefault\u00a0\u00bb global_colors_info=\u00a0\u00bb{}\u00a0\u00bb][et_pb_column type=\u00a0\u00bb3_4&Prime; _builder_version=\u00a0\u00bb4.27.4&Prime; _module_preset=\u00a0\u00bbdefault\u00a0\u00bb global_colors_info=\u00a0\u00bb{}\u00a0\u00bb][et_pb_text _builder_version=\u00a0\u00bb4.27.4&Prime; _module_preset=\u00a0\u00bbdefault\u00a0\u00bb global_colors_info=\u00a0\u00bb{}\u00a0\u00bb]<\/p>\n<h1>A propos de nous<\/h1>\n<p><strong>La ISCM Foundation parraine le programme Thinking Ahead, servant d&rsquo;organisation fa\u00eeti\u00e8re d\u00e9di\u00e9e \u00e0 l&rsquo;am\u00e9lioration de la soci\u00e9t\u00e9 civile et de l&rsquo;environnement.<\/strong><\/p>\n<p><strong>Nous nous effor\u00e7ons d&rsquo;encourager l&rsquo;esprit critique chez les entrepreneurs en cr\u00e9ant des \u00e9coles de commerce, en offrant des bourses d&rsquo;\u00e9tudes compl\u00e8tes aux personnes talentueuses et en finan\u00e7ant leurs projets lorsque cela est n\u00e9cessaire.<\/strong><\/p>\n<p>En tant qu&rsquo;<strong>organisation mondiale<\/strong> ayant son si\u00e8ge \u00e0 Bruxelles, en Belgique, l&rsquo;ISCM op\u00e8re par le biais d&rsquo;une structure fiduciaire afin de s&rsquo;assurer que tous les revenus g\u00e9n\u00e9r\u00e9s sont utilis\u00e9s exclusivement pour le <strong>bien social<\/strong> et les <strong>investissements \u00e9ducatifs<\/strong>. Les actions des actionnaires sont d\u00e9tenues dans un fonds g\u00e9r\u00e9 par la <strong>plateforme d&rsquo;int\u00e9grit\u00e9<\/strong>, qui veille au respect des objectifs de l&rsquo;ISCM et \u00e0 l&rsquo;alignement sur notre vision et notre mission. <\/p>\n<p>Pour garantir la transparence et l&rsquo;int\u00e9grit\u00e9, les politiques de l&rsquo;ISCM sont r\u00e9gies par des statuts et contr\u00f4l\u00e9es par des auditeurs ind\u00e9pendants, des experts juridiques et des professionnels de la conformit\u00e9. Notre mission est de d\u00e9velopper les comp\u00e9tences, d&rsquo;autonomiser les entrepreneurs et de soutenir le renforcement des capacit\u00e9s locales, d\u00e9montrant ainsi notre engagement \u00e0 cr\u00e9er un impact soci\u00e9tal et \u00e0 en faire b\u00e9n\u00e9ficier les parties prenantes. <\/p>\n<p>Vous \u00eates invit\u00e9 \u00e0 soutenir notre mission et \u00e0 faire la diff\u00e9rence en contribuant au programme Thinking Ahead<br \/>\n, en faisant progresser l&rsquo;\u00e9ducation et en autonomisant les futurs leaders. <strong><a href=\"https:\/\/simulationcentre.org\/fr\/soutenez-lavenir-de-leducation\/\">Cliquez ici pour en savoir plus.<\/a><\/strong>[\/et_pb_text][\/et_pb_column][et_pb_column type=\u00a0\u00bb1_4&Prime; _builder_version=\u00a0\u00bb4.27.4&Prime; _module_preset=\u00a0\u00bbdefault\u00a0\u00bb global_colors_info=\u00a0\u00bb{}\u00a0\u00bb][et_pb_image src=\u00a0\u00bbhttps:\/\/simulationcentre.org\/wp-content\/uploads\/2025\/03\/ISCM-Foundation.png\u00a0\u00bb title_text=\u00a0\u00bbFondation ISCM\u00a0\u00bb align=\u00a0\u00bbcenter\u00a0\u00bb _builder_version=\u00a0\u00bb4.27.4&Prime; _module_preset=\u00a0\u00bbdefault\u00a0\u00bb custom_margin=\u00a0\u00bb50%||||false|false\u00a0\u00bb custom_margin_tablet=\u00a0\u00bb0%||||false|false\u00a0\u00bb custom_margin_phone=\u00a0\u00bb0%||||false|false\u00a0\u00bb custom_margin_last_edited=\u00a0\u00bbon|desktop\u00a0\u00bb global_colors_info=\u00a0\u00bb{}\u00a0\u00bb][\/et_pb_image][\/et_pb_column][\/et_pb_row][\/et_pb_section][et_pb_section fb_built=\u00a0\u00bb1&Prime; _builder_version=\u00a0\u00bb4.27.4&Prime; _module_preset=\u00a0\u00bbdefault\u00a0\u00bb background_color=\u00a0\u00bb#EBEBEB\u00a0\u00bb custom_margin=\u00a0\u00bb0px||30px||false|false\u00a0\u00bb custom_padding=\u00a0\u00bb0px||0px||false|false\u00a0\u00bb global_colors_info=\u00a0\u00bb{}\u00a0\u00bb][et_pb_row _builder_version=\u00a0\u00bb4.27.4&Prime; _module_preset=\u00a0\u00bbdefault\u00a0\u00bb global_colors_info=\u00a0\u00bb{}\u00a0\u00bb][et_pb_column type=\u00a0\u00bb4_4&Prime; _builder_version=\u00a0\u00bb4.27.4&Prime; _module_preset=\u00a0\u00bbdefault\u00a0\u00bb global_colors_info=\u00a0\u00bb{}\u00a0\u00bb][et_pb_text _builder_version=\u00a0\u00bb4.27.4&Prime; _module_preset=\u00a0\u00bbdefault\u00a0\u00bb global_colors_info=\u00a0\u00bb{}\u00a0\u00bb]<\/p>\n<p style=\"font-weight: 400;\"><strong>Vous pouvez visiter notre si\u00e8ge \u00e0 Bruxelles en prenant rendez-vous :<\/strong><\/p>\n<p>[\/et_pb_text][\/et_pb_column][\/et_pb_row][et_pb_row column_structure=\u00a0\u00bb1_2,1_2&Prime; _builder_version=\u00a0\u00bb4.27.4&Prime; _module_preset=\u00a0\u00bbdefault\u00a0\u00bb global_colors_info=\u00a0\u00bb{}\u00a0\u00bb][et_pb_column type=\u00a0\u00bb1_2&Prime; _builder_version=\u00a0\u00bb4.27.4&Prime; _module_preset=\u00a0\u00bbdefault\u00a0\u00bb global_colors_info=\u00a0\u00bb{}\u00a0\u00bb][et_pb_text _builder_version=\u00a0\u00bb4.27.4&Prime; _module_preset=\u00a0\u00bbdefault\u00a0\u00bb global_colors_info=\u00a0\u00bb{}\u00a0\u00bb]<\/p>\n<p><strong>ISCM Foundation vzw<\/strong><br \/>Square de Meeus 38\/40<br \/>1000 Bruxelles, Belgique<br \/>Num\u00e9ro d&rsquo;enregistrement : BE0843.134.292<\/p>\n<p>[\/et_pb_text][\/et_pb_column][et_pb_column type=\u00a0\u00bb1_2&Prime; _builder_version=\u00a0\u00bb4.27.4&Prime; _module_preset=\u00a0\u00bbdefault\u00a0\u00bb global_colors_info=\u00a0\u00bb{}\u00a0\u00bb][et_pb_blurb title=\u00a0\u00bbDirecteur g\u00e9n\u00e9ral\u00a0\u00bb image=\u00a0\u00bbhttps:\/\/simulationcentre.org\/wp-content\/uploads\/2025\/03\/Icons-10.png\u00a0\u00bb icon_placement=\u00a0\u00bbleft\u00a0\u00bb _builder_version=\u00a0\u00bb4.27.4&Prime; _module_preset=\u00a0\u00bbdefault\u00a0\u00bb global_colors_info=\u00a0\u00bb{}\u00a0\u00bb]<\/p>\n<p>H. E. Dr. Mohamed Omaar<\/p>\n<p>[\/et_pb_blurb][et_pb_blurb title=\u00a0\u00bbPr\u00e9sident du conseil de surveillance\u00a0\u00bb image=\u00a0\u00bbhttps:\/\/simulationcentre.org\/wp-content\/uploads\/2025\/03\/Icons-10.png\u00a0\u00bb icon_placement=\u00a0\u00bbleft\u00a0\u00bb _builder_version=\u00a0\u00bb4.27.4&Prime; _module_preset=\u00a0\u00bbdefault\u00a0\u00bb global_colors_info=\u00a0\u00bb{}\u00a0\u00bb]<\/p>\n<p>Dr. Zsolt Nyiri<\/p>\n<p>[\/et_pb_blurb][\/et_pb_column][\/et_pb_row][\/et_pb_section]<\/p>\n","protected":false},"excerpt":{"rendered":"<p>A propos de nous La ISCM Foundation parraine le programme Thinking Ahead, servant d&rsquo;organisation fa\u00eeti\u00e8re d\u00e9di\u00e9e \u00e0 l&rsquo;am\u00e9lioration de la soci\u00e9t\u00e9 civile et de l&rsquo;environnement. Nous nous effor\u00e7ons d&rsquo;encourager l&rsquo;esprit critique chez les entrepreneurs en cr\u00e9ant des \u00e9coles de commerce, en offrant des bourses d&rsquo;\u00e9tudes compl\u00e8tes aux personnes talentueuses et en finan\u00e7ant leurs projets lorsque [&hellip;]<\/p>\n","protected":false},"author":1,"featured_media":0,"parent":0,"menu_order":0,"comment_status":"closed","ping_status":"closed","template":"","meta":{"_et_pb_use_builder":"on","_et_pb_old_content":"","_et_gb_content_width":"","footnotes":""},"class_list":["post-1603","page","type-page","status-publish","hentry"],"_links":{"self":[{"href":"https:\/\/simulationcentre.org\/fr\/wp-json\/wp\/v2\/pages\/1603","targetHints":{"allow":["GET"]}}],"collection":[{"href":"https:\/\/simulationcentre.org\/fr\/wp-json\/wp\/v2\/pages"}],"about":[{"href":"https:\/\/simulationcentre.org\/fr\/wp-json\/wp\/v2\/types\/page"}],"author":[{"embeddable":true,"href":"https:\/\/simulationcentre.org\/fr\/wp-json\/wp\/v2\/users\/1"}],"replies":[{"embeddable":true,"href":"https:\/\/simulationcentre.org\/fr\/wp-json\/wp\/v2\/comments?post=1603"}],"version-history":[{"count":31,"href":"https:\/\/simulationcentre.org\/fr\/wp-json\/wp\/v2\/pages\/1603\/revisions"}],"predecessor-version":[{"id":3728,"href":"https:\/\/simulationcentre.org\/fr\/wp-json\/wp\/v2\/pages\/1603\/revisions\/3728"}],"wp:attachment":[{"href":"https:\/\/simulationcentre.org\/fr\/wp-json\/wp\/v2\/media?parent=1603"}],"curies":[{"name":"wp","href":"https:\/\/api.w.org\/{rel}","templated":true}]}}