{"id":2737,"date":"2025-04-14T10:58:25","date_gmt":"2025-04-14T10:58:25","guid":{"rendered":"https:\/\/simulationcentre.org\/presentation-la-metaphore-de-la-grenouille-en-ebullition\/"},"modified":"2025-04-17T06:35:23","modified_gmt":"2025-04-17T06:35:23","slug":"presentation-la-metaphore-de-la-grenouille-en-ebullition","status":"publish","type":"page","link":"https:\/\/simulationcentre.org\/fr\/presentation-la-metaphore-de-la-grenouille-en-ebullition\/","title":{"rendered":"Pr\u00e9sentation - La m\u00e9taphore de la grenouille en \u00e9bullition"},"content":{"rendered":"<p><img loading=\"lazy\" decoding=\"async\" class=\"alignnone size-full wp-image-2887\" src=\"https:\/\/simulationcentre.org\/wp-content\/uploads\/2025\/04\/page-1-web-min.jpg\" alt=\"\" width=\"1500\" height=\"843\"><br \/>\n<img loading=\"lazy\" decoding=\"async\" class=\"alignnone size-full wp-image-2887\" src=\"https:\/\/simulationcentre.org\/wp-content\/uploads\/2025\/04\/page-2-web-min.jpg\" alt=\"\" width=\"1500\" height=\"843\"><br \/>\n<img loading=\"lazy\" decoding=\"async\" class=\"alignnone size-full wp-image-2887\" src=\"https:\/\/simulationcentre.org\/wp-content\/uploads\/2025\/04\/page-3-web-min.jpg\" alt=\"\" width=\"1500\" height=\"843\"><br \/>\n<img loading=\"lazy\" decoding=\"async\" class=\"alignnone size-full wp-image-2887\" src=\"https:\/\/simulationcentre.org\/wp-content\/uploads\/2025\/04\/page-4-web-min.jpg\" alt=\"\" width=\"1500\" height=\"843\"><br \/>\n<img loading=\"lazy\" decoding=\"async\" class=\"alignnone size-full wp-image-2887\" src=\"https:\/\/simulationcentre.org\/wp-content\/uploads\/2025\/04\/page-5-web-min.jpg\" alt=\"\" width=\"1500\" height=\"843\"><br \/>\n<img loading=\"lazy\" decoding=\"async\" class=\"alignnone size-full wp-image-2887\" src=\"https:\/\/simulationcentre.org\/wp-content\/uploads\/2025\/04\/page-6-web-min.jpg\" alt=\"\" width=\"1500\" height=\"843\"><br \/>\n<img loading=\"lazy\" decoding=\"async\" class=\"alignnone size-full wp-image-2887\" src=\"https:\/\/simulationcentre.org\/wp-content\/uploads\/2025\/04\/page-7-web-min.jpg\" alt=\"\" width=\"1500\" height=\"843\"><br \/>\n<img loading=\"lazy\" decoding=\"async\" class=\"alignnone size-full wp-image-2887\" src=\"https:\/\/simulationcentre.org\/wp-content\/uploads\/2025\/04\/page-8-web-min.jpg\" alt=\"\" width=\"1500\" height=\"843\"><br \/>\n<img loading=\"lazy\" decoding=\"async\" class=\"alignnone size-full wp-image-2887\" src=\"https:\/\/simulationcentre.org\/wp-content\/uploads\/2025\/04\/page-9-web-min.jpg\" alt=\"\" width=\"1500\" height=\"843\"><br \/>\n<img loading=\"lazy\" decoding=\"async\" class=\"alignnone size-full wp-image-2887\" src=\"https:\/\/simulationcentre.org\/wp-content\/uploads\/2025\/04\/page-10-web-min.jpg\" alt=\"\" width=\"1500\" height=\"843\"><br \/>\n<img loading=\"lazy\" decoding=\"async\" class=\"alignnone size-full wp-image-2887\" src=\"https:\/\/simulationcentre.org\/wp-content\/uploads\/2025\/04\/page-11-web-min.jpg\" alt=\"\" width=\"1500\" height=\"843\"><br \/>\n<img loading=\"lazy\" decoding=\"async\" class=\"alignnone size-full wp-image-2887\" src=\"https:\/\/simulationcentre.org\/wp-content\/uploads\/2025\/04\/page-12-web-min.jpg\" alt=\"\" width=\"1500\" height=\"843\"><br \/>\n<img loading=\"lazy\" decoding=\"async\" class=\"alignnone size-full wp-image-2887\" src=\"https:\/\/simulationcentre.org\/wp-content\/uploads\/2025\/04\/page-13-web-min.jpg\" alt=\"\" width=\"1500\" height=\"843\"><br \/>\n<img loading=\"lazy\" decoding=\"async\" class=\"alignnone size-full wp-image-2887\" src=\"https:\/\/simulationcentre.org\/wp-content\/uploads\/2025\/04\/page-14-web-min.jpg\" alt=\"\" width=\"1500\" height=\"843\"><br \/>\n<img loading=\"lazy\" decoding=\"async\" class=\"alignnone size-full wp-image-2887\" src=\"https:\/\/simulationcentre.org\/wp-content\/uploads\/2025\/04\/page-15-web-min.jpg\" alt=\"\" width=\"1500\" height=\"843\"><br \/>\n<img loading=\"lazy\" decoding=\"async\" class=\"alignnone size-full wp-image-2887\" src=\"https:\/\/simulationcentre.org\/wp-content\/uploads\/2025\/04\/page-16-web-min.jpg\" alt=\"\" width=\"1500\" height=\"843\"><br \/>\n<img loading=\"lazy\" decoding=\"async\" class=\"alignnone size-full wp-image-2887\" src=\"https:\/\/simulationcentre.org\/wp-content\/uploads\/2025\/04\/page-17-web-min.jpg\" alt=\"\" width=\"1500\" height=\"843\" srcset=\"https:\/\/simulationcentre.org\/wp-content\/uploads\/2025\/04\/page-17-web-min.jpg 1500w, https:\/\/simulationcentre.org\/wp-content\/uploads\/2025\/04\/page-17-web-min-1280x719.jpg 1280w, https:\/\/simulationcentre.org\/wp-content\/uploads\/2025\/04\/page-17-web-min-980x551.jpg 980w, https:\/\/simulationcentre.org\/wp-content\/uploads\/2025\/04\/page-17-web-min-480x270.jpg 480w\" sizes=\"(min-width: 0px) and (max-width: 480px) 480px, (min-width: 481px) and (max-width: 980px) 980px, (min-width: 981px) and (max-width: 1280px) 1280px, (min-width: 1281px) 1500px, 100vw\" \/><\/p>\n","protected":false},"excerpt":{"rendered":"","protected":false},"author":1,"featured_media":0,"parent":0,"menu_order":0,"comment_status":"closed","ping_status":"closed","template":"","meta":{"_et_pb_use_builder":"","_et_pb_old_content":"","_et_gb_content_width":"","footnotes":""},"class_list":["post-2737","page","type-page","status-publish","hentry"],"_links":{"self":[{"href":"https:\/\/simulationcentre.org\/fr\/wp-json\/wp\/v2\/pages\/2737","targetHints":{"allow":["GET"]}}],"collection":[{"href":"https:\/\/simulationcentre.org\/fr\/wp-json\/wp\/v2\/pages"}],"about":[{"href":"https:\/\/simulationcentre.org\/fr\/wp-json\/wp\/v2\/types\/page"}],"author":[{"embeddable":true,"href":"https:\/\/simulationcentre.org\/fr\/wp-json\/wp\/v2\/users\/1"}],"replies":[{"embeddable":true,"href":"https:\/\/simulationcentre.org\/fr\/wp-json\/wp\/v2\/comments?post=2737"}],"version-history":[{"count":1,"href":"https:\/\/simulationcentre.org\/fr\/wp-json\/wp\/v2\/pages\/2737\/revisions"}],"predecessor-version":[{"id":2895,"href":"https:\/\/simulationcentre.org\/fr\/wp-json\/wp\/v2\/pages\/2737\/revisions\/2895"}],"wp:attachment":[{"href":"https:\/\/simulationcentre.org\/fr\/wp-json\/wp\/v2\/media?parent=2737"}],"curies":[{"name":"wp","href":"https:\/\/api.w.org\/{rel}","templated":true}]}}