{"id":1596,"date":"2025-03-06T12:48:34","date_gmt":"2025-03-06T12:48:34","guid":{"rendered":"https:\/\/simulationcentre.org\/sobre-nos\/"},"modified":"2025-09-10T07:16:53","modified_gmt":"2025-09-10T07:16:53","slug":"sobre-nos","status":"publish","type":"page","link":"https:\/\/simulationcentre.org\/pt-pt\/sobre-nos\/","title":{"rendered":"Sobre n\u00f3s"},"content":{"rendered":"<p>[et_pb_section fb_built=&#8221;1&#8243; _builder_version=&#8221;4.27.4&#8243; _module_preset=&#8221;default&#8221; custom_margin=&#8221;0px||0px||false|false&#8221; custom_padding=&#8221;0px||0px||false|false&#8221; global_colors_info=&#8221;{}&#8221;][et_pb_row _builder_version=&#8221;4.27.4&#8243; _module_preset=&#8221;default&#8221; background_enable_color=&#8221;off&#8221; width=&#8221;100%&#8221; custom_margin=&#8221;0px||0px||false|false&#8221; custom_padding=&#8221;0px||0px||false|false&#8221; global_colors_info=&#8221;{}&#8221;][et_pb_column type=&#8221;4_4&#8243; _builder_version=&#8221;4.27.4&#8243; _module_preset=&#8221;default&#8221; global_colors_info=&#8221;{}&#8221;][et_pb_video src=&#8221;https:\/\/player.vimeo.com\/video\/1115413350&#8243; _builder_version=&#8221;4.27.4&#8243; _module_preset=&#8221;default&#8221; hover_enabled=&#8221;0&#8243; global_colors_info=&#8221;{}&#8221; sticky_enabled=&#8221;0&#8243;][\/et_pb_video][\/et_pb_column][\/et_pb_row][et_pb_row column_structure=&#8221;3_4,1_4&#8243; _builder_version=&#8221;4.27.4&#8243; _module_preset=&#8221;default&#8221; global_colors_info=&#8221;{}&#8221;][et_pb_column type=&#8221;3_4&#8243; _builder_version=&#8221;4.27.4&#8243; _module_preset=&#8221;default&#8221; global_colors_info=&#8221;{}&#8221;][et_pb_text _builder_version=&#8221;4.27.4&#8243; _module_preset=&#8221;default&#8221; global_colors_info=&#8221;{}&#8221;]<\/p>\n<h1>Sobre n\u00f3s<\/h1>\n<p><strong>A ISCM Foundation patrocina o Programa Pensar \u00e0 Frente, servindo como uma organiza\u00e7\u00e3o guarda-chuva dedicada a beneficiar a sociedade civil e o ambiente.<\/strong><\/p>\n<p><strong>Concentramo-nos em promover o pensamento cr\u00edtico entre os empres\u00e1rios, criando escolas de gest\u00e3o, oferecendo bolsas de estudo completas a indiv\u00edduos talentosos e financiando os seus projectos sempre que necess\u00e1rio.<\/strong><\/p>\n<p>Como <strong>uma organiza\u00e7\u00e3o global<\/strong> com sede em Bruxelas, B\u00e9lgica, o ISCM opera atrav\u00e9s de uma estrutura baseada num fundo fiduci\u00e1rio para garantir que todos os rendimentos gerados s\u00e3o utilizados exclusivamente para <strong>o bem social<\/strong> e <strong>investimentos educacionais<\/strong>. As ac\u00e7\u00f5es dos acionistas s\u00e3o mantidas num fundo gerido pela <strong>Plataforma de Integridade<\/strong>, que supervisiona o cumprimento dos objectivos do ISCM e garante o alinhamento com a nossa vis\u00e3o e miss\u00e3o. <\/p>\n<p>Para garantir a transpar\u00eancia e a integridade, as pol\u00edticas da ISCM s\u00e3o regidas por estatutos e monitorizadas por auditores independentes, peritos jur\u00eddicos e profissionais de conformidade. A nossa miss\u00e3o \u00e9 desenvolver compet\u00eancias, capacitar empreendedores e apoiar o desenvolvimento de capacidades locais - demonstrando o nosso empenho em criar impacto social e beneficiar as partes interessadas. <\/p>\n<p>\u00c9s convidado a apoiar a nossa miss\u00e3o e fazer a diferen\u00e7a contribuindo para o Programa Pensar \u00e0 Frente<br \/>\n, promovendo a educa\u00e7\u00e3o e capacitando futuros l\u00edderes. <strong><a href=\"https:\/\/simulationcentre.org\/pt-pt\/apoia-o-futuro-da-educacao\/\">Clica aqui para saber mais.<\/a><\/strong>[\/et_pb_text][\/et_pb_column][et_pb_column type=&#8221;1_4&#8243; _builder_version=&#8221;4.27.4&#8243; _module_preset=&#8221;default&#8221; global_colors_info=&#8221;{}&#8221;][et_pb_image src=&#8221;https:\/\/simulationcentre.org\/wp-content\/uploads\/2025\/03\/ISCM-Foundation.png&#8221; title_text=&#8221;Funda\u00e7\u00e3o ISCM&#8221; align=&#8221;center&#8221; _builder_version=&#8221;4.27.4&#8243; _module_preset=&#8221;default&#8221; custom_margin=&#8221;50%||||false|false&#8221; custom_margin_tablet=&#8221;0%||||false|false&#8221; custom_margin_phone=&#8221;0%||||false|false&#8221; custom_margin_last_edited=&#8221;on|desktop&#8221; global_colors_info=&#8221;{}&#8221;][\/et_pb_image][\/et_pb_column][\/et_pb_row][\/et_pb_section][et_pb_section fb_built=&#8221;1&#8243; _builder_version=&#8221;4.27.4&#8243; _module_preset=&#8221;default&#8221; background_color=&#8221;#EBEBEB&#8221; custom_margin=&#8221;0px||30px||false|false&#8221; custom_padding=&#8221;0px||0px||false|false&#8221; global_colors_info=&#8221;{}&#8221;][et_pb_row _builder_version=&#8221;4.27.4&#8243; _module_preset=&#8221;default&#8221; global_colors_info=&#8221;{}&#8221;][et_pb_column type=&#8221;4_4&#8243; _builder_version=&#8221;4.27.4&#8243; _module_preset=&#8221;default&#8221; global_colors_info=&#8221;{}&#8221;][et_pb_text _builder_version=&#8221;4.27.4&#8243; _module_preset=&#8221;default&#8221; global_colors_info=&#8221;{}&#8221;]<\/p>\n<p style=\"font-weight: 400;\"><strong>Podes visitar a nossa sede em Bruxelas marcando uma reuni\u00e3o:<\/strong><\/p>\n<p>[\/et_pb_text][\/et_pb_column][\/et_pb_row][et_pb_row column_structure=&#8221;1_2,1_2&#8243; _builder_version=&#8221;4.27.4&#8243; _module_preset=&#8221;default&#8221; global_colors_info=&#8221;{}&#8221;][et_pb_column type=&#8221;1_2&#8243; _builder_version=&#8221;4.27.4&#8243; _module_preset=&#8221;default&#8221; global_colors_info=&#8221;{}&#8221;][et_pb_text _builder_version=&#8221;4.27.4&#8243; _module_preset=&#8221;default&#8221; global_colors_info=&#8221;{}&#8221;]<\/p>\n<p><strong>ISCM Foundation vzw<\/strong><br \/>Square de Meeus 38\/40<br \/>1000 Bruxelas, B\u00e9lgica<br \/>N\u00famero de registo: BE0843.134.292<\/p>\n<p>[\/et_pb_text][\/et_pb_column][et_pb_column type=&#8221;1_2&#8243; _builder_version=&#8221;4.27.4&#8243; _module_preset=&#8221;default&#8221; global_colors_info=&#8221;{}&#8221;][et_pb_blurb title=&#8221;Diretor Geral&#8221; image=&#8221;https:\/\/simulationcentre.org\/wp-content\/uploads\/2025\/03\/Icons-10.png&#8221; icon_placement=&#8221;left&#8221; _builder_version=&#8221;4.27.4&#8243; _module_preset=&#8221;default&#8221; global_colors_info=&#8221;{}&#8221;]<\/p>\n<p>H. E. Dr. Mohamed Omaar<\/p>\n<p>[\/et_pb_blurb][et_pb_blurb title=&#8221;Presidente do Conselho de Supervis\u00e3o&#8221; image=&#8221;https:\/\/simulationcentre.org\/wp-content\/uploads\/2025\/03\/Icons-10.png&#8221; icon_placement=&#8221;left&#8221; _builder_version=&#8221;4.27.4&#8243; _module_preset=&#8221;default&#8221; global_colors_info=&#8221;{}&#8221;]<\/p>\n<p>Dr. Zsolt Nyiri<\/p>\n<p>[\/et_pb_blurb][\/et_pb_column][\/et_pb_row][\/et_pb_section]<\/p>\n","protected":false},"excerpt":{"rendered":"<p>Sobre n\u00f3s A ISCM Foundation patrocina o Programa Pensar \u00e0 Frente, servindo como uma organiza\u00e7\u00e3o guarda-chuva dedicada a beneficiar a sociedade civil e o ambiente. Concentramo-nos em promover o pensamento cr\u00edtico entre os empres\u00e1rios, criando escolas de gest\u00e3o, oferecendo bolsas de estudo completas a indiv\u00edduos talentosos e financiando os seus projectos sempre que necess\u00e1rio. Como [&hellip;]<\/p>\n","protected":false},"author":1,"featured_media":0,"parent":0,"menu_order":0,"comment_status":"closed","ping_status":"closed","template":"","meta":{"_et_pb_use_builder":"on","_et_pb_old_content":"","_et_gb_content_width":"","footnotes":""},"class_list":["post-1596","page","type-page","status-publish","hentry"],"_links":{"self":[{"href":"https:\/\/simulationcentre.org\/pt-pt\/wp-json\/wp\/v2\/pages\/1596","targetHints":{"allow":["GET"]}}],"collection":[{"href":"https:\/\/simulationcentre.org\/pt-pt\/wp-json\/wp\/v2\/pages"}],"about":[{"href":"https:\/\/simulationcentre.org\/pt-pt\/wp-json\/wp\/v2\/types\/page"}],"author":[{"embeddable":true,"href":"https:\/\/simulationcentre.org\/pt-pt\/wp-json\/wp\/v2\/users\/1"}],"replies":[{"embeddable":true,"href":"https:\/\/simulationcentre.org\/pt-pt\/wp-json\/wp\/v2\/comments?post=1596"}],"version-history":[{"count":34,"href":"https:\/\/simulationcentre.org\/pt-pt\/wp-json\/wp\/v2\/pages\/1596\/revisions"}],"predecessor-version":[{"id":3721,"href":"https:\/\/simulationcentre.org\/pt-pt\/wp-json\/wp\/v2\/pages\/1596\/revisions\/3721"}],"wp:attachment":[{"href":"https:\/\/simulationcentre.org\/pt-pt\/wp-json\/wp\/v2\/media?parent=1596"}],"curies":[{"name":"wp","href":"https:\/\/api.w.org\/{rel}","templated":true}]}}