{"id":3311,"date":"2025-03-06T12:37:12","date_gmt":"2025-03-06T12:37:12","guid":{"rendered":"https:\/\/simulationcentre.org\/giao-duc-va-dao-tao\/"},"modified":"2025-09-10T07:03:25","modified_gmt":"2025-09-10T07:03:25","slug":"giao-duc-va-dao-tao","status":"publish","type":"page","link":"https:\/\/simulationcentre.org\/vi\/giao-duc-va-dao-tao\/","title":{"rendered":"Gi\u00e1o d\u1ee5c v\u00e0 \u0111\u00e0o t\u1ea1o"},"content":{"rendered":"<p>[et_pb_section fb_built=&#8221;1&#8243; _builder_version=&#8221;4.27.4&#8243; _module_preset=&#8221;default&#8221; custom_margin=&#8221;0px||0px||false|false&#8221; custom_padding=&#8221;0px||0px||false|false&#8221; global_colors_info=&#8221;{}&#8221;][et_pb_row _builder_version=&#8221;4.27.4&#8243; _module_preset=&#8221;default&#8221; background_enable_color=&#8221;off&#8221; width=&#8221;100%&#8221; custom_margin=&#8221;0px||0px||false|false&#8221; custom_padding=&#8221;0px||0px||false|false&#8221; global_colors_info=&#8221;{}&#8221;][et_pb_column type=&#8221;4_4&#8243; _builder_version=&#8221;4.27.4&#8243; _module_preset=&#8221;default&#8221; global_colors_info=&#8221;{}&#8221;][et_pb_slider arrows_custom_color=&#8221;#580100&#8243; dot_nav_custom_color=&#8221;#580100&#8243; _builder_version=&#8221;4.27.4&#8243; _module_preset=&#8221;default&#8221; min_height_tablet=&#8221;&#8221; min_height_phone=&#8221;&#8221; min_height_last_edited=&#8221;on|desktop&#8221; custom_margin=&#8221;|||0px|false|false&#8221; custom_padding=&#8221;|||0px|false|false&#8221; auto=&#8221;on&#8221; auto_ignore_hover=&#8221;on&#8221; global_colors_info=&#8221;{}&#8221;][et_pb_slide use_text_overlay=&#8221;on&#8221; text_overlay_color=&#8221;rgba(255,255,255,0)&#8221; arrows_custom_color=&#8221;#580100&#8243; dot_nav_custom_color=&#8221;#580100&#8243; admin_title=&#8221;2&#8243; text_overlay_color_tablet=&#8221;rgba(255,255,255,0.5)&#8221; text_overlay_color_phone=&#8221;rgba(255,255,255,0.5)&#8221; text_overlay_color_last_edited=&#8221;on|phone&#8221; _builder_version=&#8221;4.27.4&#8243; _module_preset=&#8221;default&#8221; header_level=&#8221;h2&#8243; header_font=&#8221;|600|||||||&#8221; header_text_align=&#8221;left&#8221; header_text_color=&#8221;#580100&#8243; header_font_size=&#8221;45px&#8221; body_font=&#8221;|700|||||||&#8221; body_text_color=&#8221;#580100&#8243; body_font_size=&#8221;30px&#8221; body_line_height=&#8221;1.5em&#8221; background_color=&#8221;#EBEBEB&#8221; background_enable_color=&#8221;on&#8221; background_image=&#8221;https:\/\/simulationcentre.org\/wp-content\/uploads\/2025\/03\/a2.jpg&#8221; background_enable_image=&#8221;on&#8221; background_position=&#8221;top_center&#8221; background_layout=&#8221;light&#8221; custom_padding_tablet=&#8221;|50%|||false|false&#8221; custom_padding_phone=&#8221;|10%|||false|false&#8221; custom_padding_last_edited=&#8221;off|desktop&#8221; header_font_size_tablet=&#8221;30px&#8221; header_font_size_phone=&#8221;30px&#8221; header_font_size_last_edited=&#8221;on|phone&#8221; body_font_size_tablet=&#8221;20px&#8221; body_font_size_phone=&#8221;12px&#8221; body_font_size_last_edited=&#8221;on|phone&#8221; global_colors_info=&#8221;{}&#8221; sticky_transition=&#8221;on&#8221;]<\/p>\n<h2 style=\"text-align: left;\">Gi\u00e1o d\u1ee5c v\u00e0<br \/>\u0110\u00e0o t\u1ea1o<\/h2>\n<p>[\/et_pb_slide][\/et_pb_slider][\/et_pb_column][\/et_pb_row][et_pb_row column_structure=&#8221;1_2,1_2&#8243; _builder_version=&#8221;4.27.4&#8243; _module_preset=&#8221;default&#8221; global_colors_info=&#8221;{}&#8221;][et_pb_column type=&#8221;1_2&#8243; _builder_version=&#8221;4.27.4&#8243; _module_preset=&#8221;default&#8221; global_colors_info=&#8221;{}&#8221;][et_pb_text _builder_version=&#8221;4.27.4&#8243; _module_preset=&#8221;default&#8221; global_colors_info=&#8221;{}&#8221;]<\/p>\n<p style=\"font-weight: 400;\">ISCM cung c\u1ea5p nhi\u1ec1u ch\u01b0\u01a1ng tr\u00ecnh \u0111a d\u1ea1ng \u0111\u01b0\u1ee3c thi\u1ebft k\u1ebf \u0111\u1ec3 trao quy\u1ec1n cho c\u00e1c c\u00e1 nh\u00e2n v\u00e0 t\u1ed5 ch\u1ee9c v\u01b0\u1ee3t qua nh\u1eefng th\u00e1ch th\u1ee9c ph\u1ee9c t\u1ea1p c\u1ee7a th\u1eddi \u0111\u1ea1i hi\u1ec7n \u0111\u1ea1i b\u1eb1ng c\u00e1ch s\u1eed d\u1ee5ng c\u00e1c ph\u01b0\u01a1ng ph\u00e1p ti\u1ebfp c\u1eadn s\u00e1ng t\u1ea1o.<\/p>\n<p style=\"font-weight: 400;\">C\u00e1c chuy\u00ean gia trong c\u00e1c l\u0129nh v\u1ef1c quan tr\u1ecdng th\u01b0\u1eddng ph\u1ea3i \u0111\u1ed1i m\u1eb7t v\u1edbi nh\u1eefng v\u1ea5n \u0111\u1ec1 \u0111a chi\u1ec1u \u0111\u01b0\u1ee3c \u0111\u1eb7c tr\u01b0ng b\u1edfi s\u1ef1 thay \u0111\u1ed5i nhanh ch\u00f3ng, c\u00e1c m\u1ee5c ti\u00eau ch\u1ed3ng ch\u00e9o v\u00e0 c\u00e1c h\u1ec7 th\u1ed1ng li\u00ean k\u1ebft. Nh\u1eefng th\u00e1ch th\u1ee9c n\u00e0y c\u00f3 th\u1ec3 d\u1eabn \u0111\u1ebfn s\u1ef1 k\u00e9m hi\u1ec7u qu\u1ea3, ch\u1eadm tr\u1ec5 v\u00e0 b\u1ecf l\u1ee1 c\u01a1 h\u1ed9i ph\u00e1t tri\u1ec3n b\u1ec1n v\u1eefng. <\/p>\n<p>[\/et_pb_text][\/et_pb_column][et_pb_column type=&#8221;1_2&#8243; _builder_version=&#8221;4.27.4&#8243; _module_preset=&#8221;default&#8221; global_colors_info=&#8221;{}&#8221;][et_pb_text _builder_version=&#8221;4.27.4&#8243; _module_preset=&#8221;default&#8221; global_colors_info=&#8221;{}&#8221;]<\/p>\n<div>\n<p style=\"font-weight: 400;\">\u0110\u1ec3 gi\u1ea3i quy\u1ebft nh\u1eefng v\u1ea5n \u0111\u1ec1 n\u00e0y, c\u00e1c ch\u01b0\u01a1ng tr\u00ecnh c\u1ee7a ISCM nh\u1ea5n m\u1ea1nh vi\u1ec7c nu\u00f4i d\u01b0\u1ee1ng t\u01b0 duy h\u01b0\u1edbng t\u1edbi t\u01b0\u01a1ng lai v\u00e0 c\u00e1c chi\u1ebfn l\u01b0\u1ee3c th\u1ef1c t\u1ebf d\u1ef1a tr\u00ean ph\u01b0\u01a1ng ph\u00e1p lu\u1eadn h\u1ec7 th\u1ed1ng. B\u1eb1ng c\u00e1ch trang b\u1ecb cho ng\u01b0\u1eddi tham gia nh\u1eefng c\u00f4ng c\u1ee5 v\u00e0 k\u1ef9 thu\u1eadt ti\u00ean ti\u1ebfn, ISCM chu\u1ea9n b\u1ecb cho h\u1ecd kh\u1ea3 n\u0103ng \u0111\u01b0a ra quy\u1ebft \u0111\u1ecbnh c\u00f3 t\u00e1c \u0111\u1ed9ng v\u00e0 th\u00fac \u0111\u1ea9y s\u1ef1 thay \u0111\u1ed5i mang t\u00ednh chuy\u1ec3n \u0111\u1ed5i. <\/p>\n<p style=\"font-weight: 400;\">C\u00e1c t\u1ed5 ch\u1ee9c tr\u00ean to\u00e0n th\u1ebf gi\u1edbi, t\u1eeb c\u00e1c c\u01a1 quan ch\u00ednh ph\u1ee7 \u0111\u1ebfn c\u00e1c doanh nghi\u1ec7p to\u00e0n c\u1ea7u, tin t\u01b0\u1edfng v\u00e0o c\u00e1c s\u00e1ng ki\u1ebfn gi\u00e1o d\u1ee5c v\u00e0 \u0111\u00e0o t\u1ea1o c\u1ee7a ISCM \u0111\u1ec3 x\u00e2y d\u1ef1ng c\u00e1c n\u0103ng l\u1ef1c c\u1ea7n thi\u1ebft \u0111\u1ec3 ph\u00e1t tri\u1ec3n m\u1ea1nh m\u1ebd trong m\u1ed9t th\u1ebf gi\u1edbi lu\u00f4n bi\u1ebfn \u0111\u1ed5i.<\/p>\n<\/div>\n<div><\/div>\n<p>[\/et_pb_text][\/et_pb_column][\/et_pb_row][\/et_pb_section][et_pb_section fb_built=&#8221;1&#8243; _builder_version=&#8221;4.27.4&#8243; _module_preset=&#8221;default&#8221; custom_margin=&#8221;0px||0px||false|false&#8221; custom_padding=&#8221;0px||0px||false|false&#8221; global_colors_info=&#8221;{}&#8221;][et_pb_row _builder_version=&#8221;4.27.4&#8243; _module_preset=&#8221;default&#8221; custom_padding=&#8221;|20px||20px|false|false&#8221; border_color_all=&#8221;#ebebeb&#8221; border_width_top=&#8221;10px&#8221; border_width_right=&#8221;10px&#8221; border_width_left=&#8221;10px&#8221; global_colors_info=&#8221;{}&#8221;][et_pb_column type=&#8221;4_4&#8243; _builder_version=&#8221;4.27.4&#8243; _module_preset=&#8221;default&#8221; global_colors_info=&#8221;{}&#8221;][et_pb_text _builder_version=&#8221;4.27.4&#8243; _module_preset=&#8221;default&#8221; global_colors_info=&#8221;{}&#8221;]<\/p>\n<h3><strong>Kh\u00f3a h\u1ecdc nh\u1eadp m\u00f4n: t\u01b0 duy h\u1ec7 th\u1ed1ng trong qu\u1ea3n l\u00fd d\u1ef1 \u00e1n<\/strong><\/h3>\n<p>[\/et_pb_text][\/et_pb_column][\/et_pb_row][et_pb_row column_structure=&#8221;1_2,1_2&#8243; _builder_version=&#8221;4.27.4&#8243; _module_preset=&#8221;default&#8221; custom_padding=&#8221;|20px||20px|false|false&#8221; border_color_all=&#8221;#ebebeb&#8221; border_width_right=&#8221;10px&#8221; border_width_left=&#8221;10px&#8221; global_colors_info=&#8221;{}&#8221;][et_pb_column type=&#8221;1_2&#8243; _builder_version=&#8221;4.27.4&#8243; _module_preset=&#8221;default&#8221; global_colors_info=&#8221;{}&#8221;][et_pb_image src=&#8221;https:\/\/simulationcentre.org\/wp-content\/uploads\/2025\/03\/Appreciation-Course-scaled.jpg&#8221; title_text=&#8221;Kh\u00f3a-h\u1ecdc-nh\u1eadp-m\u00f4n&#8221; _builder_version=&#8221;4.27.4&#8243; _module_preset=&#8221;default&#8221; global_colors_info=&#8221;{}&#8221;][\/et_pb_image][\/et_pb_column][et_pb_column type=&#8221;1_2&#8243; _builder_version=&#8221;4.27.4&#8243; _module_preset=&#8221;default&#8221; global_colors_info=&#8221;{}&#8221;][et_pb_text _builder_version=&#8221;4.27.4&#8243; _module_preset=&#8221;default&#8221; header_4_font=&#8221;|700|||||||&#8221; header_4_text_color=&#8221;#FF6B00&#8243; hover_enabled=&#8221;0&#8243; global_colors_info=&#8221;{}&#8221; sticky_enabled=&#8221;0&#8243;]<\/p>\n<h4>T\u1ed5ng quan:<\/h4>\n<p style=\"font-weight: 400;\"><span>Kh\u00f3a h\u1ecdc Nh\u1eadp m\u00f4n cung c\u1ea5p m\u1ed9t gi\u1edbi thi\u1ec7u to\u00e0n di\u1ec7n v\u1ec1 t\u01b0 duy h\u1ec7 th\u1ed1ng v\u00e0 \u1ee9ng d\u1ee5ng c\u1ee7a n\u00f3 trong qu\u1ea3n l\u00fd c\u00e1c d\u1ef1 \u00e1n ph\u1ee9c t\u1ea1p. \u0110\u01b0\u1ee3c thi\u1ebft k\u1ebf nh\u01b0 m\u1ed9t c\u00e1nh c\u1eeda d\u1eabn \u0111\u1ebfn L\u1eadp k\u1ebf ho\u1ea1ch K\u1ecbch b\u1ea3n Chi\u1ebfn l\u01b0\u1ee3c (SSP), kh\u00f3a h\u1ecdc n\u00e0y trang b\u1ecb cho ng\u01b0\u1eddi tham gia ki\u1ebfn th\u1ee9c n\u1ec1n t\u1ea3ng v\u00e0 c\u00e1c c\u00f4ng c\u1ee5 th\u1ef1c t\u1ebf d\u1ef1a tr\u00ean ViewPoint Model (VPM) v\u00e0 Impact Analyzer (IA) c\u1ee7a ISCM. <\/span><\/p>\n<h4><span>C\u00e1c t\u00ednh n\u0103ng ch\u00ednh:<\/span><\/h4>\n<ul>\n<li><strong>N\u1ec1n t\u1ea3ng Kh\u00e1i ni\u1ec7m: <\/strong>Gi\u1edbi thi\u1ec7u c\u00e1c nguy\u00ean t\u1eafc c\u1ed1t l\u00f5i c\u1ee7a l\u00fd thuy\u1ebft h\u1ec7 th\u1ed1ng v\u00e0 vai tr\u00f2 c\u1ee7a ch\u00fang trong vi\u1ec7c gi\u1ea3i quy\u1ebft c\u00e1c th\u00e1ch th\u1ee9c d\u1ef1 \u00e1n \u0111\u1ed9ng nh\u01b0 ch\u1eadm tr\u1ec5, v\u01b0\u1ee3t ng\u00e2n s\u00e1ch v\u00e0 m\u1ee5c ti\u00eau thay \u0111\u1ed5i.<\/li>\n<li><strong>C\u00f4ng c\u1ee5 Th\u1ef1c t\u1ebf: <\/strong>Trao quy\u1ec1n cho ng\u01b0\u1eddi tham gia chuy\u1ec3n \u0111\u1ed5i c\u00e1c kh\u00e1i ni\u1ec7m l\u00fd thuy\u1ebft th\u00e0nh chi\u1ebfn l\u01b0\u1ee3c h\u00e0nh \u0111\u1ed9ng cho c\u00e1c \u1ee9ng d\u1ee5ng trong th\u1ebf gi\u1edbi th\u1ef1c.<\/li>\n<\/ul>\n<p style=\"font-weight: 400;\"><strong><span>K\u1ef9 n\u0103ng M\u00f4 ph\u1ecfng: <\/span><\/strong>T\u1eadn d\u1ee5ng m\u00f4 h\u00ecnh h\u00f3a m\u00e1y t\u00ednh \u0111\u1ec3 gi\u00fap ng\u01b0\u1eddi tham gia d\u1ef1 b\u00e1o, th\u00edch \u1ee9ng v\u00e0 gi\u1ea3m thi\u1ec3u r\u1ee7i ro m\u1ed9t c\u00e1ch hi\u1ec7u qu\u1ea3 trong qu\u1ea3n l\u00fd d\u1ef1 \u00e1n.<\/p>\n<p>[\/et_pb_text][\/et_pb_column][\/et_pb_row][et_pb_row _builder_version=&#8221;4.27.4&#8243; _module_preset=&#8221;default&#8221; custom_margin=&#8221;0px||||false|false&#8221; custom_padding=&#8221;0px|20px||20px|false|false&#8221; border_color_all=&#8221;#ebebeb&#8221; border_width_right=&#8221;10px&#8221; border_width_left=&#8221;10px&#8221; global_colors_info=&#8221;{}&#8221;][et_pb_column type=&#8221;4_4&#8243; _builder_version=&#8221;4.27.4&#8243; _module_preset=&#8221;default&#8221; global_colors_info=&#8221;{}&#8221;][et_pb_cta title=&#8221;Ai n\u00ean tham d\u1ef1:&#8221; button_url=&#8221;https:\/\/simulationcentre.org\/appreciation-course\/&#8221; button_text=&#8221;Nh\u1eadn th\u00eam th\u00f4ng tin&#8221; module_class=&#8221;custom-cta&#8221; _builder_version=&#8221;4.27.4&#8243; _module_preset=&#8221;default&#8221; header_text_color=&#8221;#FF6B00&#8243; background_color=&#8221;#EBEBEB&#8221; custom_button=&#8221;on&#8221; button_text_color=&#8221;#FFFFFF&#8221; button_bg_color=&#8221;#FF6B00&#8243; text_orientation=&#8221;left&#8221; background_layout=&#8221;light&#8221; global_colors_info=&#8221;{}&#8221;]<\/p>\n<p>C\u00e1c nh\u00e0 l\u00e3nh \u0111\u1ea1o, qu\u1ea3n l\u00fd v\u00e0 chuy\u00ean gia \u0111ang t\u00ecm ki\u1ebfm m\u1ed9t c\u00e1ch ti\u1ebfp c\u1eadn d\u1ec5 d\u00e0ng nh\u01b0ng m\u1ea1nh m\u1ebd v\u00e0o c\u00e1c k\u1ef9 thu\u1eadt qu\u1ea3n l\u00fd d\u1ef1 \u00e1n c\u00f3 h\u1ec7 th\u1ed1ng.<\/p>\n<p>[\/et_pb_cta][\/et_pb_column][\/et_pb_row][\/et_pb_section][et_pb_section fb_built=&#8221;1&#8243; _builder_version=&#8221;4.27.4&#8243; _module_preset=&#8221;default&#8221; custom_margin=&#8221;0px||0px||false|false&#8221; custom_padding=&#8221;0px||0px||false|false&#8221; global_colors_info=&#8221;{}&#8221;][et_pb_row _builder_version=&#8221;4.27.4&#8243; _module_preset=&#8221;default&#8221; custom_padding=&#8221;|20px||20px|false|false&#8221; border_color_all=&#8221;#ebebeb&#8221; border_width_top=&#8221;10px&#8221; border_width_right=&#8221;10px&#8221; border_width_left=&#8221;10px&#8221; global_colors_info=&#8221;{}&#8221;][et_pb_column type=&#8221;4_4&#8243; _builder_version=&#8221;4.27.4&#8243; _module_preset=&#8221;default&#8221; global_colors_info=&#8221;{}&#8221;][et_pb_text _builder_version=&#8221;4.27.4&#8243; _module_preset=&#8221;default&#8221; global_colors_info=&#8221;{}&#8221;]<\/p>\n<h3><strong>H\u1ed9i th\u1ea3o Cassandra: x\u00e2y d\u1ef1ng s\u1ef1 \u0111\u1ed3ng thu\u1eadn gi\u1eefa c\u00e1c b\u00ean li\u00ean quan th\u00f4ng qua l\u00fd thuy\u1ebft h\u1ec7 th\u1ed1ng<\/strong><\/h3>\n<p>[\/et_pb_text][\/et_pb_column][\/et_pb_row][et_pb_row column_structure=&#8221;1_2,1_2&#8243; _builder_version=&#8221;4.27.4&#8243; _module_preset=&#8221;default&#8221; custom_padding=&#8221;|20px||20px|false|false&#8221; border_color_all=&#8221;#ebebeb&#8221; border_width_right=&#8221;10px&#8221; border_width_left=&#8221;10px&#8221; global_colors_info=&#8221;{}&#8221;][et_pb_column type=&#8221;1_2&#8243; _builder_version=&#8221;4.27.4&#8243; _module_preset=&#8221;default&#8221; global_colors_info=&#8221;{}&#8221;][et_pb_image src=&#8221;https:\/\/simulationcentre.org\/wp-content\/uploads\/2025\/03\/Cassandra-Workshop-scaled.jpg&#8221; title_text=&#8221;H\u1ed9i-th\u1ea3o-Cassandra&#8221; _builder_version=&#8221;4.27.4&#8243; _module_preset=&#8221;default&#8221; global_colors_info=&#8221;{}&#8221;][\/et_pb_image][\/et_pb_column][et_pb_column type=&#8221;1_2&#8243; _builder_version=&#8221;4.27.4&#8243; _module_preset=&#8221;default&#8221; global_colors_info=&#8221;{}&#8221;][et_pb_text _builder_version=&#8221;4.27.4&#8243; _module_preset=&#8221;default&#8221; header_4_font=&#8221;|700|||||||&#8221; header_4_text_color=&#8221;#FF6B00&#8243; global_colors_info=&#8221;{}&#8221;]<\/p>\n<h4>T\u1ed5ng quan:<\/h4>\n<p style=\"font-weight: 400;\"><span>\u0110\u01b0\u1ee3c \u0111\u1eb7t t\u00ean theo n\u1eef anh h\u00f9ng Hy L\u1ea1p c\u00f3 kh\u1ea3 n\u0103ng ti\u00ean tri nh\u01b0ng kh\u00f4ng \u0111\u01b0\u1ee3c l\u1eafng nghe, h\u1ed9i th\u1ea3o n\u00e0y \u0111\u01b0\u1ee3c thi\u1ebft k\u1ebf cho c\u00e1c nh\u00e0 l\u00e3nh \u0111\u1ea1o \u0111ang g\u1eb7p kh\u00f3 kh\u0103n trong vi\u1ec7c t\u1ea1o s\u1ef1 \u0111\u1ed3ng thu\u1eadn gi\u1eefa c\u00e1c b\u00ean li\u00ean quan xung quanh m\u1ed9t t\u1ea7m nh\u00ecn chung. S\u1eed d\u1ee5ng ph\u01b0\u01a1ng ph\u00e1p M\u00f4 h\u00ecnh h\u00f3a ViewPoint (VPM) v\u00e0 ph\u1ea7n m\u1ec1m Impact Analyzer, H\u1ed9i th\u1ea3o Cassandra t\u1ea1o \u0111i\u1ec1u ki\u1ec7n cho vi\u1ec7c l\u1eadp k\u1ebf ho\u1ea1ch k\u1ecbch b\u1ea3n h\u1ee3p t\u00e1c \u0111\u1ec3 t\u1ea1o s\u1ef1 \u0111\u1ed3ng thu\u1eadn gi\u1eefa c\u00e1c b\u00ean li\u00ean quan v\u00e0 t\u1ea1o ra c\u00e1c k\u1ebf ho\u1ea1ch th\u1ef1c hi\u1ec7n d\u1ef1 \u00e1n \u0111\u00e3 \u0111\u01b0\u1ee3c ki\u1ec3m tra \u00e1p l\u1ef1c. <\/span><\/p>\n<p>&nbsp;<\/p>\n<h4><span>C\u00e1c t\u00ednh n\u0103ng ch\u00ednh:<\/span><\/h4>\n<ul>\n<li><strong>S\u1ef1 tham gia c\u1ee7a c\u00e1c b\u00ean li\u00ean quan: <\/strong>Khuy\u1ebfn kh\u00edch s\u1ef1 tham gia t\u00edch c\u1ef1c \u0111\u1ec3 th\u00fac \u0111\u1ea9y s\u1ef1 \u0111\u1ed3ng thu\u1eadn v\u00e0 cam k\u1ebft.<\/li>\n<li><strong>L\u1eadp k\u1ebf ho\u1ea1ch \u0110\u1ed9ng: <\/strong>Ph\u00e1t tri\u1ec3n c\u00e1c chi\u1ebfn l\u01b0\u1ee3c c\u00f3 th\u1ec3 th\u1ef1c hi\u1ec7n, d\u1ef1a tr\u00ean b\u1eb1ng ch\u1ee9ng v\u1edbi s\u1ef1 \u0111\u00f3ng g\u00f3p c\u1ee7a c\u00e1c b\u00ean li\u00ean quan \u1edf v\u1ecb tr\u00ed h\u00e0ng \u0111\u1ea7u.<\/li>\n<li><strong>X\u00e2y d\u1ef1ng L\u00f2ng tin: <\/strong>S\u1eed d\u1ee5ng c\u00e1c quy tr\u00ecnh m\u00f4 h\u00ecnh h\u00f3a minh b\u1ea1ch \u0111\u1ec3 t\u0103ng c\u01b0\u1eddng giao ti\u1ebfp v\u00e0 tr\u00e1ch nhi\u1ec7m gi\u1ea3i tr\u00ecnh gi\u1eefa c\u00e1c th\u00e0nh vi\u00ean trong nh\u00f3m<\/li>\n<\/ul>\n<p>[\/et_pb_text][\/et_pb_column][\/et_pb_row][et_pb_row _builder_version=&#8221;4.27.4&#8243; _module_preset=&#8221;default&#8221; custom_margin=&#8221;0px||||false|false&#8221; custom_padding=&#8221;0px|20px||20px|false|false&#8221; border_color_all=&#8221;#ebebeb&#8221; border_width_right=&#8221;10px&#8221; border_width_left=&#8221;10px&#8221; global_colors_info=&#8221;{}&#8221;][et_pb_column type=&#8221;4_4&#8243; _builder_version=&#8221;4.27.4&#8243; _module_preset=&#8221;default&#8221; global_colors_info=&#8221;{}&#8221;][et_pb_text _builder_version=&#8221;4.27.4&#8243; _module_preset=&#8221;default&#8221; global_colors_info=&#8221;{}&#8221;]<\/p>\n<p style=\"font-weight: 400;\"><strong>K\u1ebft qu\u1ea3:<\/strong><\/p>\n<p style=\"font-weight: 400;\">Ng\u01b0\u1eddi tham gia r\u1eddi \u0111i v\u1edbi m\u1ed9t k\u1ebf ho\u1ea1ch r\u00f5 r\u00e0ng, \u0111\u01b0\u1ee3c x\u00e1c nh\u1eadn t\u1ed1t, th\u00fac \u0111\u1ea9y l\u00f2ng tin v\u00e0 \u0111\u1ea3m b\u1ea3o s\u1ef1 g\u1eafn k\u1ebft c\u1ee7a nh\u00f3m, \u0111\u00f3ng vai tr\u00f2 nh\u01b0 m\u1ed9t c\u1ea7u n\u1ed1i d\u1eabn \u0111\u1ebfn s\u1ef1 kh\u1edfi \u0111\u1ea7u th\u00e0nh c\u00f4ng c\u1ee7a d\u1ef1 \u00e1n.<\/p>\n<p>[\/et_pb_text][et_pb_cta title=&#8221;Ai n\u00ean tham d\u1ef1:&#8221; button_url=&#8221;https:\/\/simulationcentre.org\/cassandra-workshop\/&#8221; button_text=&#8221;Nh\u1eadn th\u00eam th\u00f4ng tin&#8221; module_class=&#8221;custom-cta&#8221; _builder_version=&#8221;4.27.4&#8243; _module_preset=&#8221;default&#8221; header_text_color=&#8221;#FF6B00&#8243; background_color=&#8221;#EBEBEB&#8221; custom_button=&#8221;on&#8221; button_text_color=&#8221;#FFFFFF&#8221; button_bg_color=&#8221;#FF6B00&#8243; text_orientation=&#8221;left&#8221; background_layout=&#8221;light&#8221; global_colors_info=&#8221;{}&#8221;]<\/p>\n<div><span lang=\"EN-US\">C\u00e1c<span> <\/span>nh\u00e0<span> <\/span>l\u00e3nh<span> <\/span>\u0111\u1ea1o<span> <\/span>doanh<span> <\/span>nghi\u1ec7p,<span> <\/span>qu\u1ea3n<span> <\/span>l\u00fd<span> <\/span>d\u1ef1<span> <\/span>\u00e1n<span> <\/span>v\u00e0<span> <\/span><span>c\u00e1c b\u00ean li\u00ean quan ch\u00ednh tham gia v\u00e0o m\u00f4i tr\u01b0\u1eddng d\u1ef1 \u00e1n ph\u1ee9c t\u1ea1p.<\/span><\/span><\/div>\n<p>[\/et_pb_cta][\/et_pb_column][\/et_pb_row][\/et_pb_section][et_pb_section fb_built=&#8221;1&#8243; _builder_version=&#8221;4.27.4&#8243; _module_preset=&#8221;default&#8221; custom_margin=&#8221;0px||||false|false&#8221; custom_padding=&#8221;0px||||false|false&#8221; global_colors_info=&#8221;{}&#8221;][et_pb_row _builder_version=&#8221;4.27.4&#8243; _module_preset=&#8221;default&#8221; custom_padding=&#8221;|20px||20px|false|false&#8221; border_color_all=&#8221;#ebebeb&#8221; border_width_top=&#8221;10px&#8221; border_width_right=&#8221;10px&#8221; border_width_left=&#8221;10px&#8221; global_colors_info=&#8221;{}&#8221;][et_pb_column type=&#8221;4_4&#8243; _builder_version=&#8221;4.27.4&#8243; _module_preset=&#8221;default&#8221; global_colors_info=&#8221;{}&#8221;][et_pb_text _builder_version=&#8221;4.27.4&#8243; _module_preset=&#8221;default&#8221; global_colors_info=&#8221;{}&#8221;]<\/p>\n<h3><strong>H\u1ed9i ngh\u1ecb k\u1ebft n\u1ed1i \u0111\u1ea7u t\u01b0: \u0111\u1ea7u t\u01b0 c\u00f3 h\u1ec7 th\u1ed1ng cho ph\u00e1t tri\u1ec3n qu\u1ed1c gia<\/strong><\/h3>\n<p>[\/et_pb_text][\/et_pb_column][\/et_pb_row][et_pb_row column_structure=&#8221;1_2,1_2&#8243; _builder_version=&#8221;4.27.4&#8243; _module_preset=&#8221;default&#8221; custom_padding=&#8221;|20px||20px|false|false&#8221; border_color_all=&#8221;#ebebeb&#8221; border_width_right=&#8221;10px&#8221; border_width_left=&#8221;10px&#8221; global_colors_info=&#8221;{}&#8221;][et_pb_column type=&#8221;1_2&#8243; _builder_version=&#8221;4.27.4&#8243; _module_preset=&#8221;default&#8221; global_colors_info=&#8221;{}&#8221;][et_pb_image src=&#8221;https:\/\/simulationcentre.org\/wp-content\/uploads\/2025\/03\/Investment-Matching-Conference-scaled.jpg&#8221; title_text=&#8221;H\u1ed9i-ngh\u1ecb-k\u1ebft-n\u1ed1i-\u0111\u1ea7u-t\u01b0&#8221; _builder_version=&#8221;4.27.4&#8243; _module_preset=&#8221;default&#8221; global_colors_info=&#8221;{}&#8221;][\/et_pb_image][\/et_pb_column][et_pb_column type=&#8221;1_2&#8243; _builder_version=&#8221;4.27.4&#8243; _module_preset=&#8221;default&#8221; global_colors_info=&#8221;{}&#8221;][et_pb_text _builder_version=&#8221;4.27.4&#8243; _module_preset=&#8221;default&#8221; header_4_font=&#8221;|700|||||||&#8221; header_4_text_color=&#8221;#FF6B00&#8243; global_colors_info=&#8221;{}&#8221;]<\/p>\n<h4>T\u1ed5ng quan:<\/h4>\n<p style=\"font-weight: 400;\"><span>H\u1ed9i ngh\u1ecb k\u00e9o d\u00e0i ba ng\u00e0y n\u00e0y t\u1eadp trung v\u00e0o vi\u1ec7c t\u1eadn d\u1ee5ng L\u1eadp k\u1ebf ho\u1ea1ch K\u1ecbch b\u1ea3n v\u00e0 T\u01b0 duy H\u1ec7 th\u1ed1ng \u0111\u1ec3 k\u1ebft n\u1ed1i c\u00e1c d\u1ef1 \u00e1n mang t\u00ednh chuy\u1ec3n \u0111\u1ed5i v\u1edbi c\u00e1c l\u1ef1a ch\u1ecdn t\u00e0i tr\u1ee3 ph\u00f9 h\u1ee3p. Ng\u01b0\u1eddi tham gia tham gia v\u00e0o c\u00e1c cu\u1ed9c th\u1ea3o lu\u1eadn v\u1ec1 chi\u1ebfn l\u01b0\u1ee3c danh m\u1ee5c \u0111\u1ea7u t\u01b0, c\u1ea5u tr\u00fac ph\u00e1p l\u00fd v\u00e0 quy tr\u00ecnh t\u00e0i tr\u1ee3 \u0111\u1ec3 c\u1ea3i thi\u1ec7n ph\u00fac l\u1ee3i x\u00e3 h\u1ed9i v\u00e0 gi\u1ea3m n\u1ee3 qu\u1ed1c gia. <\/span><\/p>\n<h4><span>C\u00e1c t\u00ednh n\u0103ng ch\u00ednh:<\/span><\/h4>\n<ul>\n<li><strong>L\u1eadp k\u1ebf ho\u1ea1ch K\u1ecbch b\u1ea3n: <\/strong>\u0110\u00e1nh gi\u00e1 ch\u1ea5t l\u01b0\u1ee3ng v\u00e0 t\u00ednh kh\u1ea3 thi c\u1ee7a c\u00e1c chi\u1ebfn l\u01b0\u1ee3c \u0111\u1ea7u t\u01b0 th\u00f4ng qua m\u00f4 h\u00ecnh h\u00f3a \u0111\u1ed9ng l\u1ef1c h\u1ec7 th\u1ed1ng.<\/li>\n<li><strong>K\u1ebft n\u1ed1i Nh\u00e0 \u0111\u1ea7u t\u01b0: <\/strong>T\u1eadp h\u1ee3p c\u00e1c nh\u00e0 \u0111\u1ec1 xu\u1ea5t d\u1ef1 \u00e1n v\u00e0 c\u00e1c nh\u00e0 \u0111\u1ea7u t\u01b0 ti\u1ec1m n\u0103ng trong c\u00e1c cu\u1ed9c h\u1ecdp b\u00e0n tr\u00f2n c\u00f3 c\u1ea5u tr\u00fac.<\/li>\n<\/ul>\n<p style=\"font-weight: 400;\"><span><strong>T\u00e1c \u0111\u1ed9ng \u0110\u1ea1o \u0111\u1ee9c v\u00e0 C\u00f3 th\u1ec3 M\u1edf r\u1ed9ng<\/strong>: \u1ee6ng h\u1ed9 l\u1ee3i \u00edch to\u00e0n c\u1ea7u, cung c\u1ea5p c\u00e1c gi\u1ea3i ph\u00e1p t\u00e0i tr\u1ee3 \u0111\u1ea3m b\u1ea3o 100% quy\u1ec1n s\u1edf h\u1eefu d\u1ef1 \u00e1n cho c\u00e1c qu\u1ed1c gia trong khi \u0111\u1ea9y nhanh t\u00e1c \u0111\u1ed9ng v\u00e0 m\u1edf r\u1ed9ng k\u1ebft qu\u1ea3.<\/span><\/p>\n<p>[\/et_pb_text][\/et_pb_column][\/et_pb_row][et_pb_row _builder_version=&#8221;4.27.4&#8243; _module_preset=&#8221;default&#8221; custom_margin=&#8221;0px||||false|false&#8221; custom_padding=&#8221;0px|20px||20px|false|false&#8221; border_color_all=&#8221;#ebebeb&#8221; border_width_right=&#8221;10px&#8221; border_width_bottom=&#8221;10px&#8221; border_width_left=&#8221;10px&#8221; global_colors_info=&#8221;{}&#8221;][et_pb_column type=&#8221;4_4&#8243; _builder_version=&#8221;4.27.4&#8243; _module_preset=&#8221;default&#8221; global_colors_info=&#8221;{}&#8221;][et_pb_text _builder_version=&#8221;4.27.4&#8243; _module_preset=&#8221;default&#8221; global_colors_info=&#8221;{}&#8221;]<\/p>\n<p style=\"font-weight: 400;\"><strong>K\u1ebft qu\u1ea3:<\/strong><\/p>\n<p style=\"font-weight: 400;\">Ng\u01b0\u1eddi tham gia c\u00f3 c\u01a1 h\u1ed9i ti\u1ebfp c\u1eadn c\u00e1c b\u1ea3n ghi nh\u1edb t\u00e0i tr\u1ee3 c\u00f3 th\u1ec3 th\u1ef1c hi\u1ec7n \u0111\u01b0\u1ee3c, hi\u1ec3u bi\u1ebft s\u00e2u s\u1eafc v\u1ec1 c\u00e1c ph\u01b0\u01a1ng ph\u00e1p t\u00e0i tr\u1ee3 s\u00e1ng t\u1ea1o v\u00e0 h\u01b0\u1edbng d\u1eabn chi\u1ebfn l\u01b0\u1ee3c cho vi\u1ec7c l\u1eadp k\u1ebf ho\u1ea1ch \u0111\u1ea7u t\u01b0 qu\u1ed1c gia d\u00e0i h\u1ea1n.<\/p>\n<p>[\/et_pb_text][et_pb_cta title=&#8221;Ai n\u00ean tham d\u1ef1:&#8221; button_url=&#8221;https:\/\/simulationcentre.org\/investment-matching-conference\/&#8221; button_text=&#8221;Nh\u1eadn th\u00eam th\u00f4ng tin&#8221; module_class=&#8221;custom-cta&#8221; _builder_version=&#8221;4.27.4&#8243; _module_preset=&#8221;default&#8221; header_text_color=&#8221;#FF6B00&#8243; background_color=&#8221;#EBEBEB&#8221; custom_button=&#8221;on&#8221; button_text_color=&#8221;#FFFFFF&#8221; button_bg_color=&#8221;#FF6B00&#8243; text_orientation=&#8221;left&#8221; background_layout=&#8221;light&#8221; global_colors_info=&#8221;{}&#8221;]\u0110\u1ea1i di\u1ec7n ch\u00ednh ph\u1ee7, nh\u00e0 \u0111\u1ea7u t\u01b0 v\u00e0 c\u00e1c b\u00ean li\u00ean quan trong c\u00e1c d\u1ef1 \u00e1n ph\u00e1t tri\u1ec3n qu\u1ed1c gia quy m\u00f4 l\u1edbn.[\/et_pb_cta][\/et_pb_column][\/et_pb_row][\/et_pb_section]<\/p>\n","protected":false},"excerpt":{"rendered":"<p>Gi\u00e1o d\u1ee5c v\u00e0\u0110\u00e0o t\u1ea1oISCM cung c\u1ea5p nhi\u1ec1u ch\u01b0\u01a1ng tr\u00ecnh \u0111a d\u1ea1ng \u0111\u01b0\u1ee3c thi\u1ebft k\u1ebf \u0111\u1ec3 trao quy\u1ec1n cho c\u00e1c c\u00e1 nh\u00e2n v\u00e0 t\u1ed5 ch\u1ee9c v\u01b0\u1ee3t qua nh\u1eefng th\u00e1ch th\u1ee9c ph\u1ee9c t\u1ea1p c\u1ee7a th\u1eddi \u0111\u1ea1i hi\u1ec7n \u0111\u1ea1i b\u1eb1ng c\u00e1ch s\u1eed d\u1ee5ng c\u00e1c ph\u01b0\u01a1ng ph\u00e1p ti\u1ebfp c\u1eadn s\u00e1ng t\u1ea1o. C\u00e1c chuy\u00ean gia trong c\u00e1c l\u0129nh v\u1ef1c quan [&hellip;]<\/p>\n","protected":false},"author":1,"featured_media":0,"parent":0,"menu_order":0,"comment_status":"closed","ping_status":"closed","template":"","meta":{"_et_pb_use_builder":"on","_et_pb_old_content":"","_et_gb_content_width":"","footnotes":""},"class_list":["post-3311","page","type-page","status-publish","hentry"],"_links":{"self":[{"href":"https:\/\/simulationcentre.org\/vi\/wp-json\/wp\/v2\/pages\/3311","targetHints":{"allow":["GET"]}}],"collection":[{"href":"https:\/\/simulationcentre.org\/vi\/wp-json\/wp\/v2\/pages"}],"about":[{"href":"https:\/\/simulationcentre.org\/vi\/wp-json\/wp\/v2\/types\/page"}],"author":[{"embeddable":true,"href":"https:\/\/simulationcentre.org\/vi\/wp-json\/wp\/v2\/users\/1"}],"replies":[{"embeddable":true,"href":"https:\/\/simulationcentre.org\/vi\/wp-json\/wp\/v2\/comments?post=3311"}],"version-history":[{"count":1,"href":"https:\/\/simulationcentre.org\/vi\/wp-json\/wp\/v2\/pages\/3311\/revisions"}],"predecessor-version":[{"id":3316,"href":"https:\/\/simulationcentre.org\/vi\/wp-json\/wp\/v2\/pages\/3311\/revisions\/3316"}],"wp:attachment":[{"href":"https:\/\/simulationcentre.org\/vi\/wp-json\/wp\/v2\/media?parent=3311"}],"curies":[{"name":"wp","href":"https:\/\/api.w.org\/{rel}","templated":true}]}}