{"id":3446,"date":"2025-03-19T12:09:07","date_gmt":"2025-03-19T12:09:07","guid":{"rendered":"https:\/\/simulationcentre.org\/hoi-nghi-ket-noi-dau-tu\/"},"modified":"2025-09-10T07:10:48","modified_gmt":"2025-09-10T07:10:48","slug":"hoi-nghi-ket-noi-dau-tu","status":"publish","type":"page","link":"https:\/\/simulationcentre.org\/vi\/hoi-nghi-ket-noi-dau-tu\/","title":{"rendered":"H\u1ed9i ngh\u1ecb k\u1ebft n\u1ed1i \u0111\u1ea7u t\u01b0"},"content":{"rendered":"<p>[et_pb_section fb_built=&#8221;1&#8243; _builder_version=&#8221;4.27.4&#8243; _module_preset=&#8221;default&#8221; custom_margin=&#8221;0px||0px||false|false&#8221; custom_padding=&#8221;0px||0px||false|false&#8221; global_colors_info=&#8221;{}&#8221;][et_pb_row column_structure=&#8221;1_2,1_2&#8243; _builder_version=&#8221;4.27.4&#8243; _module_preset=&#8221;default&#8221; custom_margin=&#8221;0px||||false|false&#8221; custom_padding=&#8221;0px||||false|false&#8221; global_colors_info=&#8221;{}&#8221;][et_pb_column type=&#8221;1_2&#8243; _builder_version=&#8221;4.27.4&#8243; _module_preset=&#8221;default&#8221; global_colors_info=&#8221;{}&#8221;][et_pb_image src=&#8221;https:\/\/simulationcentre.org\/wp-content\/uploads\/2025\/03\/Investment-Matching-Conference-1.jpg&#8221; title_text=&#8221;H\u1ed9i-ngh\u1ecb-k\u1ebft-n\u1ed1i-\u0111\u1ea7u-t\u01b0&#8221; _builder_version=&#8221;4.27.4&#8243; _module_preset=&#8221;default&#8221; global_colors_info=&#8221;{}&#8221;][\/et_pb_image][\/et_pb_column][et_pb_column type=&#8221;1_2&#8243; _builder_version=&#8221;4.27.4&#8243; _module_preset=&#8221;default&#8221; global_colors_info=&#8221;{}&#8221;][et_pb_text _builder_version=&#8221;4.27.4&#8243; _module_preset=&#8221;default&#8221; global_colors_info=&#8221;{}&#8221;]<\/p>\n<h3>H\u1ed9i ngh\u1ecb k\u1ebft n\u1ed1i \u0111\u1ea7u t\u01b0:<\/h3>\n<h1><strong>\u0110\u1ea7u t\u01b0 c\u00f3 h\u1ec7 th\u1ed1ng cho<\/strong><br \/>\n<strong>ph\u00e1t tri\u1ec3n qu\u1ed1c gia<\/strong><\/h1>\n<p>&nbsp;<\/p>\n<p><strong>T\u00e0i tr\u1ee3 chi\u1ebfn l\u01b0\u1ee3c cho c\u00e1c d\u1ef1 \u00e1n c\u00f3 t\u00e1c \u0111\u1ed9ng l\u1edbn<\/strong>[\/et_pb_text][\/et_pb_column][\/et_pb_row][et_pb_row column_structure=&#8221;3_5,2_5&#8243; _builder_version=&#8221;4.27.4&#8243; _module_preset=&#8221;default&#8221; global_colors_info=&#8221;{}&#8221;][et_pb_column type=&#8221;3_5&#8243; _builder_version=&#8221;4.27.4&#8243; _module_preset=&#8221;default&#8221; global_colors_info=&#8221;{}&#8221;][et_pb_text _builder_version=&#8221;4.27.4&#8243; _module_preset=&#8221;default&#8221; global_colors_info=&#8221;{}&#8221;]<\/p>\n<h2>T\u1ed5ng quan h\u1ed9i ngh\u1ecb<\/h2>\n<p><strong>H\u1ed9i ngh\u1ecb K\u1ebft n\u1ed1i \u0110\u1ea7u t\u01b0 l\u00e0 m\u1ed9t s\u1ef1 ki\u1ec7n chi\u1ebfn l\u01b0\u1ee3c k\u00e9o d\u00e0i ba ng\u00e0y \u0111\u01b0\u1ee3c thi\u1ebft k\u1ebf \u0111\u1ec3 k\u1ebft n\u1ed1i c\u00e1c d\u1ef1 \u00e1n ph\u00e1t tri\u1ec3n qu\u1ed1c gia mang t\u00ednh \u0111\u1ed9t ph\u00e1 v\u1edbi c\u00e1c gi\u1ea3i ph\u00e1p t\u00e0i tr\u1ee3 ph\u00f9 h\u1ee3p. B\u1eb1ng c\u00e1ch t\u1eadn d\u1ee5ng L\u1eadp k\u1ebf ho\u1ea1ch K\u1ecbch b\u1ea3n v\u00e0 T\u01b0 duy H\u1ec7 th\u1ed1ng, h\u1ed9i ngh\u1ecb cung c\u1ea5p m\u1ed9t khu\u00f4n kh\u1ed5 c\u00f3 c\u1ea5u tr\u00fac \u0111\u1ec3 \u0111\u00e1nh gi\u00e1 ch\u1ea5t l\u01b0\u1ee3ng \u0111\u1ea7u t\u01b0, t\u00ednh kh\u1ea3 thi v\u00e0 t\u00e1c \u0111\u1ed9ng l\u00e2u d\u00e0i. <\/strong><\/p>\n<p>Ng\u01b0\u1eddi tham gia s\u1ebd tham gia v\u00e0o c\u00e1c cu\u1ed9c th\u1ea3o lu\u1eadn do chuy\u00ean gia d\u1eabn d\u1eaft, c\u00e1c phi\u00ean k\u1ebft n\u1ed1i nh\u00e0 \u0111\u1ea7u t\u01b0 c\u00f3 c\u1ea5u tr\u00fac v\u00e0 c\u00e1c cu\u1ed9c \u0111\u1ed1i tho\u1ea1i b\u00e0n tr\u00f2n t\u1eadp trung v\u00e0o chi\u1ebfn l\u01b0\u1ee3c danh m\u1ee5c \u0111\u1ea7u t\u01b0, c\u1ea5u tr\u00fac ph\u00e1p l\u00fd v\u00e0 c\u01a1 ch\u1ebf t\u00e0i tr\u1ee3 s\u00e1ng t\u1ea1o. M\u1ee5c ti\u00eau? \u0110\u1ea9y nhanh ph\u00e1t tri\u1ec3n qu\u1ed1c gia \u0111\u1ed3ng th\u1eddi \u0111\u1ea3m b\u1ea3o t\u00ednh b\u1ec1n v\u1eefng t\u00e0i ch\u00ednh v\u00e0 gi\u1ea3m n\u1ee3 c\u00f4ng.  <\/p>\n<p>\u0110\u00e2y kh\u00f4ng ch\u1ec9 l\u00e0 m\u1ed9t di\u1ec5n \u0111\u00e0n \u0111\u1ea7u t\u01b0 kh\u00e1c \u2013 \u0111\u00e2y l\u00e0 m\u1ed9t tr\u1ea3i nghi\u1ec7m h\u01b0\u1edbng \u0111\u1ebfn k\u1ebft qu\u1ea3, n\u01a1i c\u00e1c d\u1ef1 \u00e1n \u0111\u01b0\u1ee3c ph\u00e2n t\u00edch, tinh ch\u1ec9nh v\u00e0 k\u1ebft n\u1ed1i v\u1edbi c\u00e1c nh\u00e0 \u0111\u1ea7u t\u01b0 ti\u1ec1m n\u0103ng theo c\u00e1ch \u0111\u1ea3m b\u1ea3o s\u1ef1 t\u0103ng tr\u01b0\u1edfng c\u00f3 \u0111\u1ea1o \u0111\u1ee9c, c\u00f3 th\u1ec3 m\u1edf r\u1ed9ng v\u00e0 thu\u1ed9c s\u1edf h\u1eefu qu\u1ed1c gia.<\/p>\n<p>[\/et_pb_text][et_pb_text _builder_version=&#8221;4.27.4&#8243; _module_preset=&#8221;default&#8221; header_text_color=&#8221;#580100&#8243; header_2_text_color=&#8221;#580100&#8243; header_3_text_color=&#8221;#FF6B00&#8243; header_4_text_color=&#8221;#FF6B00&#8243; hover_enabled=&#8221;0&#8243; global_colors_info=&#8221;{}&#8221; sticky_enabled=&#8221;0&#8243;]<\/p>\n<h2>Nh\u1eefng g\u00ec b\u1ea1n s\u1ebd h\u1ecdc \u0111\u01b0\u1ee3c<\/h2>\n<div>\n<p><strong>H\u1ed9i ngh\u1ecb t\u01b0\u01a1ng t\u00e1c cao n\u00e0y quy t\u1ee5 c\u00e1c nh\u00e0 ra quy\u1ebft \u0111\u1ecbnh ch\u00ednh, nh\u00e0 \u0111\u1ea7u t\u01b0 v\u00e0 c\u00e1c nh\u00e0 ho\u1ea1ch \u0111\u1ecbnh ch\u00ednh s\u00e1ch \u0111\u1ec3 thu h\u1eb9p kho\u1ea3ng c\u00e1ch gi\u1eefa t\u1ea7m nh\u00ecn v\u00e0 th\u1ef1c hi\u1ec7n.<\/strong><\/p>\n<h3><span>L\u1eadp k\u1ebf ho\u1ea1ch k\u1ecbch b\u1ea3n cho t\u00ednh kh\u1ea3 thi c\u1ee7a \u0111\u1ea7u t\u01b0<\/span><\/h3>\n<ul>\n<li>S\u1eed d\u1ee5ng m\u00f4 h\u00ecnh h\u00f3a \u0111\u1ed9ng l\u1ef1c h\u1ec7 th\u1ed1ng \u0111\u1ec3 \u0111\u00e1nh gi\u00e1 v\u00e0 t\u1ed1i \u01b0u h\u00f3a chi\u1ebfn l\u01b0\u1ee3c \u0111\u1ea7u t\u01b0.<\/li>\n<li>X\u00e1c \u0111\u1ecbnh c\u00e1c y\u1ebfu t\u1ed1 r\u1ee7i ro v\u00e0 c\u01a1 h\u1ed9i tr\u01b0\u1edbc khi cam k\u1ebft t\u00e0i tr\u1ee3 quy m\u00f4 l\u1edbn.<\/li>\n<\/ul>\n<h3><span>K\u1ebft n\u1ed1i nh\u00e0 \u0111\u1ea7u t\u01b0 &amp; Th\u1ecfa thu\u1eadn c\u00f3 c\u1ea5u tr\u00fac<\/span><\/h3>\n<ul>\n<li>Tham gia c\u00e1c cu\u1ed9c h\u1ecdp m\u1ed9t-m\u1ed9t v\u00e0 b\u00e0n tr\u00f2n \u0111\u01b0\u1ee3c t\u1ed5 ch\u1ee9c ri\u00eang v\u1edbi c\u00e1c nh\u00e0 \u0111\u1ea7u t\u01b0 ti\u1ec1m n\u0103ng.<\/li>\n<li>Ti\u1ebfp c\u1eadn c\u00e1c l\u1ef1a ch\u1ecdn t\u00e0i tr\u1ee3 ph\u00f9 h\u1ee3p v\u1edbi d\u1ef1 \u00e1n c\u1ee7a b\u1ea1n<\/li>\n<\/ul>\n<h3><span>T\u00e1c \u0111\u1ed9ng c\u00f3 \u0111\u1ea1o \u0111\u1ee9c &amp; c\u00f3 th\u1ec3 m\u1edf r\u1ed9ng cho ph\u00e1t tri\u1ec3n qu\u1ed1c gia<\/span><\/h3>\n<ul>\n<li style=\"font-weight: 400;\"><span>Kh\u00e1m ph\u00e1 c\u00e1c c\u1ea5u tr\u00fac \u0111\u1ea7u t\u01b0 \u0111\u1ea3m b\u1ea3o 100% quy\u1ec1n s\u1edf h\u1eefu d\u1ef1 \u00e1n qu\u1ed1c gia.<\/span><\/li>\n<li>T\u00ecm hi\u1ec3u v\u1ec1 c\u00e1c m\u00f4 h\u00ecnh t\u00e0i tr\u1ee3 ti\u1ebfn b\u1ed9 th\u00fac \u0111\u1ea9y t\u0103ng tr\u01b0\u1edfng b\u1ec1n v\u1eefng, c\u00f3 t\u00e1c \u0111\u1ed9ng cao.<\/li>\n<\/ul>\n<h3><span>B\u1ea3n ghi nh\u1edb t\u00e0i tr\u1ee3 &amp; th\u00f4ng tin chi\u1ebfn l\u01b0\u1ee3c<\/span><\/h3>\n<ul>\n<li>Ti\u1ebfp c\u1eadn c\u00e1c b\u1ea3n ghi nh\u1edb t\u00e0i tr\u1ee3 c\u00f3 th\u1ec3 th\u1ef1c hi\u1ec7n \u0111\u01b0\u1ee3c v\u1edbi nh\u1eefng th\u00f4ng tin quan tr\u1ecdng v\u1ec1 ph\u01b0\u01a1ng ph\u00e1p t\u00e0i tr\u1ee3.<\/li>\n<li>X\u00e2y d\u1ef1ng l\u1ed9 tr\u00ecnh d\u00e0i h\u1ea1n cho \u0111\u1ea7u t\u01b0 qu\u1ed1c gia<\/li>\n<\/ul>\n<\/div>\n<p>[\/et_pb_text][et_pb_text _builder_version=&#8221;4.27.4&#8243; _module_preset=&#8221;default&#8221; hover_enabled=&#8221;0&#8243; global_colors_info=&#8221;{}&#8221; sticky_enabled=&#8221;0&#8243;]<\/p>\n<h2><span lang=\"EN-US\">Ai<span> <\/span>n\u00ean<span> <\/span><span>tham d\u1ef1?<\/span><\/span><\/h2>\n<div>\n<p><span>H\u1ed9i ngh\u1ecb n\u00e0y \u0111\u01b0\u1ee3c thi\u1ebft k\u1ebf cho:<\/span><\/p>\n<ul>\n<li><strong>\u0110\u1ea1i di\u1ec7n ch\u00ednh ph\u1ee7 <\/strong>\u0111\u1ecbnh h\u00ecnh \u0111\u1ea7u t\u01b0 qu\u1ed1c gia.<\/li>\n<li><strong>Nh\u00e0 \u0111\u1ea7u t\u01b0 t\u1ed5 ch\u1ee9c v\u00e0 nh\u00e0 \u0111\u1ea7u t\u01b0 m\u1ea1o hi\u1ec3m <\/strong>kh\u00e1m ph\u00e1 c\u00e1c d\u1ef1 \u00e1n c\u01a1 s\u1edf h\u1ea1 t\u1ea7ng v\u00e0 ph\u00e1t tri\u1ec3n quy m\u00f4 l\u1edbn.<\/li>\n<li><strong>Ng\u01b0\u1eddi \u0111\u1ec1 xu\u1ea5t d\u1ef1 \u00e1n v\u00e0 doanh nh\u00e2n <\/strong>t\u00ecm ki\u1ebfm \u0111\u1ea7u t\u01b0 cho c\u00e1c s\u00e1ng ki\u1ebfn t\u1ea1o t\u00e1c \u0111\u1ed9ng.<\/li>\n<li><strong>Ng\u00e2n h\u00e0ng ph\u00e1t tri\u1ec3n v\u00e0 t\u1ed5 ch\u1ee9c t\u00e0i ch\u00ednh <\/strong>t\u00ecm c\u00e1ch h\u1ed7 tr\u1ee3 c\u00e1c kho\u1ea3n \u0111\u1ea7u t\u01b0 c\u00f3 h\u1ec7 th\u1ed1ng, x\u00e2y d\u1ef1ng qu\u1ed1c gia.<\/li>\n<li><strong>C\u1ed1 v\u1ea5n ch\u00ednh s\u00e1ch v\u00e0 kinh t\u1ebf <\/strong>l\u00e0m vi\u1ec7c v\u1ec1 chi\u1ebfn l\u01b0\u1ee3c b\u1ec1n v\u1eefng t\u00e0i ch\u00ednh d\u00e0i h\u1ea1n.<\/li>\n<\/ul>\n<ul><\/ul>\n<ul><\/ul>\n<\/div>\n<p>[\/et_pb_text][\/et_pb_column][et_pb_column type=&#8221;2_5&#8243; _builder_version=&#8221;4.27.4&#8243; _module_preset=&#8221;default&#8221; background_enable_color=&#8221;off&#8221; global_colors_info=&#8221;{}&#8221;][et_pb_text _builder_version=&#8221;4.27.4&#8243; _module_preset=&#8221;default&#8221; header_2_text_color=&#8221;#FF6B00&#8243; background_color=&#8221;#FFFFFF&#8221; custom_margin=&#8221;10px|10px|0px|10px|false|false&#8221; custom_padding=&#8221;10px|10px|10px|10px|false|false&#8221; border_width_top=&#8221;10px&#8221; border_color_top=&#8221;#EBEBEB&#8221; border_width_right=&#8221;10px&#8221; border_color_right=&#8221;#EBEBEB&#8221; border_width_left=&#8221;10px&#8221; border_color_left=&#8221;#EBEBEB&#8221; global_colors_info=&#8221;{}&#8221;]<\/p>\n<h2><span>\u0110\u1ecbnh d\u1ea1ng &amp; l\u1ee3i \u00edch c\u1ee7a h\u1ed9i th\u1ea3o<\/span><\/h2>\n<p>[\/et_pb_text][et_pb_blurb title=&#8221;\u0110\u1ecbnh d\u1ea1ng:&#8221; image=&#8221;https:\/\/simulationcentre.org\/wp-content\/uploads\/2025\/03\/Icons-24.png&#8221; icon_placement=&#8221;left&#8221; _builder_version=&#8221;4.27.4&#8243; _module_preset=&#8221;default&#8221; header_text_color=&#8221;#FF6B00&#8243; background_color=&#8221;#FFFFFF&#8221; custom_margin=&#8221;|10px|0px|10px|false|false&#8221; custom_padding=&#8221;10px|10px|20px|10px|false|false&#8221; border_width_right=&#8221;10px&#8221; border_color_right=&#8221;#EBEBEB&#8221; border_width_left=&#8221;10px&#8221; border_color_left=&#8221;#EBEBEB&#8221; global_colors_info=&#8221;{}&#8221;]<\/p>\n<p>Tr\u1ef1c ti\u1ebfp, v\u1edbi c\u00e1c phi\u00ean h\u1ecdp to\u00e0n th\u1ec3 t\u01b0\u01a1ng t\u00e1c cao, th\u1ea3o lu\u1eadn nh\u00f3m nh\u1ecf v\u00e0 c\u00e1c cu\u1ed9c h\u1ecdp nh\u00e0 \u0111\u1ea7u t\u01b0 c\u00f3 c\u1ea5u tr\u00fac.<\/p>\n<p>Ng\u01b0\u1eddi tham gia c\u00f3 th\u1ec3 ch\u1ecdn t\u1eeb c\u00e1c l\u1ef1a ch\u1ecdn sau:<\/p>\n<ul>\n<li>H\u1ed9i ngh\u1ecb n\u1ed9i b\u1ed9 t\u1ea1i m\u1ed9t tr\u01b0\u1eddng \u0111\u1ea1i h\u1ecdc \u0111\u1ed1i t\u00e1c.<\/li>\n<li>Tham d\u1ef1 t\u1ea1i tr\u1ee5 s\u1edf ISCM \u1edf Brussels.<\/li>\n<li>T\u1ed5 ch\u1ee9c m\u1ed9t phi\u00ean n\u1ed9i b\u1ed9 t\u1ea1i m\u1ed9t \u0111\u1ecba \u0111i\u1ec3m \u0111\u01b0\u1ee3c ch\u1ec9 \u0111\u1ecbnh trong t\u1ed5 ch\u1ee9c c\u1ee7a b\u1ea1n.<\/li>\n<\/ul>\n<p>[\/et_pb_blurb][et_pb_blurb title=&#8221;K\u1ebft qu\u1ea3:&#8221; image=&#8221;https:\/\/simulationcentre.org\/wp-content\/uploads\/2025\/03\/Icons-14.png&#8221; icon_placement=&#8221;left&#8221; _builder_version=&#8221;4.27.4&#8243; _module_preset=&#8221;default&#8221; header_text_color=&#8221;#FF6B00&#8243; background_color=&#8221;#FFFFFF&#8221; custom_margin=&#8221;|10px|0px|10px|false|false&#8221; custom_padding=&#8221;10px|10px|20px|10px|false|false&#8221; hover_enabled=&#8221;0&#8243; border_width_right=&#8221;10px&#8221; border_color_right=&#8221;#EBEBEB&#8221; border_width_left=&#8221;10px&#8221; border_color_left=&#8221;#EBEBEB&#8221; global_colors_info=&#8221;{}&#8221; sticky_enabled=&#8221;0&#8243;]Ng\u01b0\u1eddi tham gia c\u00f3 th\u1ec3 r\u1eddi \u0111i v\u1edbi b\u1ea3n ghi nh\u1edb t\u00e0i tr\u1ee3 \u0111\u1ec3 th\u00fac \u0111\u1ea9y d\u1ef1 \u00e1n c\u1ee7a h\u1ecd.[\/et_pb_blurb][et_pb_text _builder_version=&#8221;4.27.4&#8243; _module_preset=&#8221;default&#8221; background_color=&#8221;#FFFFFF&#8221; custom_margin=&#8221;|10px|10px|10px|false|false&#8221; custom_padding=&#8221;|10px|20px|10px|false|false&#8221; hover_enabled=&#8221;0&#8243; border_width_right=&#8221;10px&#8221; border_color_right=&#8221;#EBEBEB&#8221; border_width_bottom=&#8221;10px&#8221; border_color_bottom=&#8221;#EBEBEB&#8221; border_width_left=&#8221;10px&#8221; border_color_left=&#8221;#EBEBEB&#8221; global_colors_info=&#8221;{}&#8221; sticky_enabled=&#8221;0&#8243;]<\/p>\n<p style=\"font-weight: 400;\">\u0110\u00e2y kh\u00f4ng ch\u1ec9 l\u00e0 m\u1ed9t s\u1ef1 ki\u1ec7n k\u1ebft n\u1ed1i \u2013 \u0111\u00e2y l\u00e0 m\u1ed9t tr\u1ea3i nghi\u1ec7m \u0111\u1ea9y nhanh t\u00e0i tr\u1ee3 c\u00f3 c\u1ea5u tr\u00fac.<\/p>\n<p>[\/et_pb_text][et_pb_text disabled_on=&#8221;on|on|on&#8221; _builder_version=&#8221;4.27.4&#8243; _module_preset=&#8221;default&#8221; header_text_color=&#8221;#FF6B00&#8243; header_2_text_color=&#8221;#FF6B00&#8243; background_color=&#8221;#FFFFFF&#8221; custom_margin=&#8221;||0px||false|false&#8221; custom_padding=&#8221;30px|20px|0px|20px|false|false&#8221; hover_enabled=&#8221;0&#8243; disabled=&#8221;on&#8221; global_colors_info=&#8221;{}&#8221; sticky_enabled=&#8221;0&#8243;]<\/p>\n<h2 style=\"text-align: center;\"><strong>C\u00e1c tr\u01b0\u1eddng li\u00ean k\u1ebft<\/strong><\/h2>\n<p style=\"text-align: center;\"><strong><img loading=\"lazy\" decoding=\"async\" src=\"https:\/\/simulationcentre.org\/wp-content\/uploads\/woocommerce-placeholder-300x300.png\" width=\"300\" height=\"300\" alt=\"\" class=\"wp-image-11 alignnone size-medium\"><\/strong><\/p>\n<p>[\/et_pb_text][et_pb_button button_url=&#8221;https:\/\/simulationcentre.org\/vi\/investment-matching-conference\/&#8221; button_text=&#8221;\u0110\u1eb7t h\u1ed9i ngh\u1ecb&#8221; button_alignment=&#8221;center&#8221; disabled_on=&#8221;on|on|on&#8221; _builder_version=&#8221;4.27.4&#8243; _module_preset=&#8221;default&#8221; disabled=&#8221;on&#8221; global_colors_info=&#8221;{}&#8221;][\/et_pb_button][\/et_pb_column][\/et_pb_row][et_pb_row _builder_version=&#8221;4.27.4&#8243; _module_preset=&#8221;default&#8221; global_colors_info=&#8221;{}&#8221;][et_pb_column type=&#8221;4_4&#8243; _builder_version=&#8221;4.27.4&#8243; _module_preset=&#8221;default&#8221; global_colors_info=&#8221;{}&#8221;][et_pb_text _builder_version=&#8221;4.27.4&#8243; _module_preset=&#8221;default&#8221; global_colors_info=&#8221;{}&#8221;]<\/p>\n<h2>Y\u00eau c\u1ea7u cu\u1ed9c h\u1ecdp video (ch\u1ec9 d\u00e0nh cho doanh nghi\u1ec7p v\u00e0 ch\u00ednh ph\u1ee7).<\/h2>\n<p>[\/et_pb_text][\/et_pb_column][\/et_pb_row][et_pb_row _builder_version=&#8221;4.27.4&#8243; _module_preset=&#8221;default&#8221; background_color=&#8221;#FFFFFF&#8221; custom_margin=&#8221;||30px||false|false&#8221; custom_padding=&#8221;||||false|false&#8221; border_width_all=&#8221;20px&#8221; border_color_all=&#8221;#EBEBEB&#8221; global_colors_info=&#8221;{}&#8221;][et_pb_column type=&#8221;4_4&#8243; _builder_version=&#8221;4.27.4&#8243; _module_preset=&#8221;default&#8221; global_colors_info=&#8221;{}&#8221;][et_pb_contact_form email=&#8221;taap@iscmfoundation.org&#8221; success_message=&#8221;C\u1ea3m \u01a1n b\u1ea1n \u0111\u00e3 g\u1eedi \u2013 ch\u00fang t\u00f4i \u0111\u00e1nh gi\u00e1 cao s\u1ef1 quan t\u00e2m c\u1ee7a b\u1ea1n trong vi\u1ec7c h\u1ee3p t\u00e1c v\u1edbi ch\u00fang t\u00f4i. Ch\u00fang t\u00f4i s\u1ebd xem x\u00e9t th\u00f4ng tin v\u00e0 li\u00ean h\u1ec7 l\u1ea1i v\u1edbi b\u1ea1n trong th\u1eddi gian ng\u1eafn. &#8221; submit_button_text=&#8221;G\u1eecI&#8221; _builder_version=&#8221;4.27.4&#8243; _module_preset=&#8221;default&#8221; _unique_id=&#8221;c2fda7f5-8487-4774-bb23-d91228e28ba1&#8243; form_field_background_color=&#8221;#FFFFFF&#8221; form_field_text_color=&#8221;#9e9e9e&#8221; form_field_focus_background_color=&#8221;#EBEBEB&#8221; custom_margin=&#8221;|10px||10px|false|false&#8221; custom_padding=&#8221;|20px||20px|false|false&#8221; border_width_all=&#8221;1px&#8221; border_color_all=&#8221;#580100&#8243; global_colors_info=&#8221;{}&#8221;][et_pb_contact_field field_id=&#8221;Name&#8221; field_title=&#8221;T\u00ean (B\u1eaft bu\u1ed9c)&#8221; fullwidth_field=&#8221;on&#8221; _builder_version=&#8221;4.27.4&#8243; global_colors_info=&#8221;{}&#8221; button_text_size__hover_enabled=&#8221;off&#8221; button_one_text_size__hover_enabled=&#8221;off&#8221; button_two_text_size__hover_enabled=&#8221;off&#8221; button_text_color__hover_enabled=&#8221;off&#8221; button_one_text_color__hover_enabled=&#8221;off&#8221; button_two_text_color__hover_enabled=&#8221;off&#8221; button_border_width__hover_enabled=&#8221;off&#8221; button_one_border_width__hover_enabled=&#8221;off&#8221; button_two_border_width__hover_enabled=&#8221;off&#8221; button_border_color__hover_enabled=&#8221;off&#8221; button_one_border_color__hover_enabled=&#8221;off&#8221; button_two_border_color__hover_enabled=&#8221;off&#8221; button_border_radius__hover_enabled=&#8221;off&#8221; button_one_border_radius__hover_enabled=&#8221;off&#8221; button_two_border_radius__hover_enabled=&#8221;off&#8221; button_letter_spacing__hover_enabled=&#8221;off&#8221; button_one_letter_spacing__hover_enabled=&#8221;off&#8221; button_two_letter_spacing__hover_enabled=&#8221;off&#8221; button_bg_color__hover_enabled=&#8221;off&#8221; button_one_bg_color__hover_enabled=&#8221;off&#8221; button_two_bg_color__hover_enabled=&#8221;off&#8221;][\/et_pb_contact_field][et_pb_contact_field field_id=&#8221;Organisation&#8221; field_title=&#8221;T\u1ed5 ch\u1ee9c (B\u1eaft bu\u1ed9c)&#8221; fullwidth_field=&#8221;on&#8221; _builder_version=&#8221;4.27.4&#8243; global_colors_info=&#8221;{}&#8221; button_text_size__hover_enabled=&#8221;off&#8221; button_one_text_size__hover_enabled=&#8221;off&#8221; button_two_text_size__hover_enabled=&#8221;off&#8221; button_text_color__hover_enabled=&#8221;off&#8221; button_one_text_color__hover_enabled=&#8221;off&#8221; button_two_text_color__hover_enabled=&#8221;off&#8221; button_border_width__hover_enabled=&#8221;off&#8221; button_one_border_width__hover_enabled=&#8221;off&#8221; button_two_border_width__hover_enabled=&#8221;off&#8221; button_border_color__hover_enabled=&#8221;off&#8221; button_one_border_color__hover_enabled=&#8221;off&#8221; button_two_border_color__hover_enabled=&#8221;off&#8221; button_border_radius__hover_enabled=&#8221;off&#8221; button_one_border_radius__hover_enabled=&#8221;off&#8221; button_two_border_radius__hover_enabled=&#8221;off&#8221; button_letter_spacing__hover_enabled=&#8221;off&#8221; button_one_letter_spacing__hover_enabled=&#8221;off&#8221; button_two_letter_spacing__hover_enabled=&#8221;off&#8221; button_bg_color__hover_enabled=&#8221;off&#8221; button_one_bg_color__hover_enabled=&#8221;off&#8221; button_two_bg_color__hover_enabled=&#8221;off&#8221;][\/et_pb_contact_field][et_pb_contact_field field_id=&#8221;Email&#8221; field_title=&#8221;Email (B\u1eaft bu\u1ed9c)&#8221; field_type=&#8221;email&#8221; fullwidth_field=&#8221;on&#8221; _builder_version=&#8221;4.27.4&#8243; global_colors_info=&#8221;{}&#8221; button_text_size__hover_enabled=&#8221;off&#8221; button_one_text_size__hover_enabled=&#8221;off&#8221; button_two_text_size__hover_enabled=&#8221;off&#8221; button_text_color__hover_enabled=&#8221;off&#8221; button_one_text_color__hover_enabled=&#8221;off&#8221; button_two_text_color__hover_enabled=&#8221;off&#8221; button_border_width__hover_enabled=&#8221;off&#8221; button_one_border_width__hover_enabled=&#8221;off&#8221; button_two_border_width__hover_enabled=&#8221;off&#8221; button_border_color__hover_enabled=&#8221;off&#8221; button_one_border_color__hover_enabled=&#8221;off&#8221; button_two_border_color__hover_enabled=&#8221;off&#8221; button_border_radius__hover_enabled=&#8221;off&#8221; button_one_border_radius__hover_enabled=&#8221;off&#8221; button_two_border_radius__hover_enabled=&#8221;off&#8221; button_letter_spacing__hover_enabled=&#8221;off&#8221; button_one_letter_spacing__hover_enabled=&#8221;off&#8221; button_two_letter_spacing__hover_enabled=&#8221;off&#8221; button_bg_color__hover_enabled=&#8221;off&#8221; button_one_bg_color__hover_enabled=&#8221;off&#8221; button_two_bg_color__hover_enabled=&#8221;off&#8221;][\/et_pb_contact_field][et_pb_contact_field field_id=&#8221;Subject&#8221; field_title=&#8221;Ch\u1ee7 \u0111\u1ec1 (B\u1eaft bu\u1ed9c)&#8221; fullwidth_field=&#8221;on&#8221; _builder_version=&#8221;4.27.4&#8243; global_colors_info=&#8221;{}&#8221; button_text_size__hover_enabled=&#8221;off&#8221; button_one_text_size__hover_enabled=&#8221;off&#8221; button_two_text_size__hover_enabled=&#8221;off&#8221; button_text_color__hover_enabled=&#8221;off&#8221; button_one_text_color__hover_enabled=&#8221;off&#8221; button_two_text_color__hover_enabled=&#8221;off&#8221; button_border_width__hover_enabled=&#8221;off&#8221; button_one_border_width__hover_enabled=&#8221;off&#8221; button_two_border_width__hover_enabled=&#8221;off&#8221; button_border_color__hover_enabled=&#8221;off&#8221; button_one_border_color__hover_enabled=&#8221;off&#8221; button_two_border_color__hover_enabled=&#8221;off&#8221; button_border_radius__hover_enabled=&#8221;off&#8221; button_one_border_radius__hover_enabled=&#8221;off&#8221; button_two_border_radius__hover_enabled=&#8221;off&#8221; button_letter_spacing__hover_enabled=&#8221;off&#8221; button_one_letter_spacing__hover_enabled=&#8221;off&#8221; button_two_letter_spacing__hover_enabled=&#8221;off&#8221; button_bg_color__hover_enabled=&#8221;off&#8221; button_one_bg_color__hover_enabled=&#8221;off&#8221; button_two_bg_color__hover_enabled=&#8221;off&#8221;][\/et_pb_contact_field][et_pb_contact_field field_id=&#8221;Telephone&#8221; field_title=&#8221;S\u1ed1 \u0111i\u1ec7n tho\u1ea1i (B\u1eaft bu\u1ed9c)&#8221; fullwidth_field=&#8221;on&#8221; _builder_version=&#8221;4.27.4&#8243; global_colors_info=&#8221;{}&#8221; button_text_size__hover_enabled=&#8221;off&#8221; button_one_text_size__hover_enabled=&#8221;off&#8221; button_two_text_size__hover_enabled=&#8221;off&#8221; button_text_color__hover_enabled=&#8221;off&#8221; button_one_text_color__hover_enabled=&#8221;off&#8221; button_two_text_color__hover_enabled=&#8221;off&#8221; button_border_width__hover_enabled=&#8221;off&#8221; button_one_border_width__hover_enabled=&#8221;off&#8221; button_two_border_width__hover_enabled=&#8221;off&#8221; button_border_color__hover_enabled=&#8221;off&#8221; button_one_border_color__hover_enabled=&#8221;off&#8221; button_two_border_color__hover_enabled=&#8221;off&#8221; button_border_radius__hover_enabled=&#8221;off&#8221; button_one_border_radius__hover_enabled=&#8221;off&#8221; button_two_border_radius__hover_enabled=&#8221;off&#8221; button_letter_spacing__hover_enabled=&#8221;off&#8221; button_one_letter_spacing__hover_enabled=&#8221;off&#8221; button_two_letter_spacing__hover_enabled=&#8221;off&#8221; button_bg_color__hover_enabled=&#8221;off&#8221; button_one_bg_color__hover_enabled=&#8221;off&#8221; button_two_bg_color__hover_enabled=&#8221;off&#8221;][\/et_pb_contact_field][et_pb_contact_field field_id=&#8221;Message&#8221; field_title=&#8221;Tin nh\u1eafn ho\u1eb7c c\u00e2u h\u1ecfi (B\u1eaft bu\u1ed9c)&#8221; field_type=&#8221;text&#8221; fullwidth_field=&#8221;on&#8221; _builder_version=&#8221;4.27.4&#8243; global_colors_info=&#8221;{}&#8221; button_text_size__hover_enabled=&#8221;off&#8221; button_one_text_size__hover_enabled=&#8221;off&#8221; button_two_text_size__hover_enabled=&#8221;off&#8221; button_text_color__hover_enabled=&#8221;off&#8221; button_one_text_color__hover_enabled=&#8221;off&#8221; button_two_text_color__hover_enabled=&#8221;off&#8221; button_border_width__hover_enabled=&#8221;off&#8221; button_one_border_width__hover_enabled=&#8221;off&#8221; button_two_border_width__hover_enabled=&#8221;off&#8221; button_border_color__hover_enabled=&#8221;off&#8221; button_one_border_color__hover_enabled=&#8221;off&#8221; button_two_border_color__hover_enabled=&#8221;off&#8221; button_border_radius__hover_enabled=&#8221;off&#8221; button_one_border_radius__hover_enabled=&#8221;off&#8221; button_two_border_radius__hover_enabled=&#8221;off&#8221; button_letter_spacing__hover_enabled=&#8221;off&#8221; button_one_letter_spacing__hover_enabled=&#8221;off&#8221; button_two_letter_spacing__hover_enabled=&#8221;off&#8221; button_bg_color__hover_enabled=&#8221;off&#8221; button_one_bg_color__hover_enabled=&#8221;off&#8221; button_two_bg_color__hover_enabled=&#8221;off&#8221;][\/et_pb_contact_field][\/et_pb_contact_form][\/et_pb_column][\/et_pb_row][\/et_pb_section]<\/p>\n","protected":false},"excerpt":{"rendered":"<p>H\u1ed9i ngh\u1ecb k\u1ebft n\u1ed1i \u0111\u1ea7u t\u01b0: \u0110\u1ea7u t\u01b0 c\u00f3 h\u1ec7 th\u1ed1ng cho ph\u00e1t tri\u1ec3n qu\u1ed1c gia &nbsp; T\u00e0i tr\u1ee3 chi\u1ebfn l\u01b0\u1ee3c cho c\u00e1c d\u1ef1 \u00e1n c\u00f3 t\u00e1c \u0111\u1ed9ng l\u1edbnT\u1ed5ng quan h\u1ed9i ngh\u1ecb H\u1ed9i ngh\u1ecb K\u1ebft n\u1ed1i \u0110\u1ea7u t\u01b0 l\u00e0 m\u1ed9t s\u1ef1 ki\u1ec7n chi\u1ebfn l\u01b0\u1ee3c k\u00e9o d\u00e0i ba ng\u00e0y \u0111\u01b0\u1ee3c thi\u1ebft k\u1ebf \u0111\u1ec3 k\u1ebft n\u1ed1i c\u00e1c [&hellip;]<\/p>\n","protected":false},"author":1,"featured_media":0,"parent":0,"menu_order":0,"comment_status":"closed","ping_status":"closed","template":"","meta":{"_et_pb_use_builder":"on","_et_pb_old_content":"","_et_gb_content_width":"","footnotes":""},"class_list":["post-3446","page","type-page","status-publish","hentry"],"_links":{"self":[{"href":"https:\/\/simulationcentre.org\/vi\/wp-json\/wp\/v2\/pages\/3446","targetHints":{"allow":["GET"]}}],"collection":[{"href":"https:\/\/simulationcentre.org\/vi\/wp-json\/wp\/v2\/pages"}],"about":[{"href":"https:\/\/simulationcentre.org\/vi\/wp-json\/wp\/v2\/types\/page"}],"author":[{"embeddable":true,"href":"https:\/\/simulationcentre.org\/vi\/wp-json\/wp\/v2\/users\/1"}],"replies":[{"embeddable":true,"href":"https:\/\/simulationcentre.org\/vi\/wp-json\/wp\/v2\/comments?post=3446"}],"version-history":[{"count":1,"href":"https:\/\/simulationcentre.org\/vi\/wp-json\/wp\/v2\/pages\/3446\/revisions"}],"predecessor-version":[{"id":3450,"href":"https:\/\/simulationcentre.org\/vi\/wp-json\/wp\/v2\/pages\/3446\/revisions\/3450"}],"wp:attachment":[{"href":"https:\/\/simulationcentre.org\/vi\/wp-json\/wp\/v2\/media?parent=3446"}],"curies":[{"name":"wp","href":"https:\/\/api.w.org\/{rel}","templated":true}]}}