{"id":3493,"date":"2025-03-04T11:03:06","date_gmt":"2025-03-04T11:03:06","guid":{"rendered":"https:\/\/simulationcentre.org\/chinh-sach-bao-mat\/"},"modified":"2025-03-04T11:03:06","modified_gmt":"2025-03-04T11:03:06","slug":"chinh-sach-bao-mat","status":"publish","type":"page","link":"https:\/\/simulationcentre.org\/vi\/chinh-sach-bao-mat\/","title":{"rendered":"Ch\u00ednh s\u00e1ch b\u1ea3o m\u1eadt"},"content":{"rendered":"<p style=\"font-weight: 400;\">C\u00e1ch ch\u00fang t\u00f4i t\u00f4n tr\u1ecdng quy\u1ec1n ri\u00eang t\u01b0 khi x\u1eed l\u00fd th\u00f4ng tin c\u00e1 nh\u00e2n \u0111\u01b0\u1ee3c thu th\u1eadp b\u1edfi t\u1ed5 ch\u1ee9c c\u1ee7a ch\u00fang t\u00f4i.<\/p>\n<p style=\"font-weight: 400;\">L\u01b0u \u00fd v\u1ec1 Ch\u00ednh s\u00e1ch b\u1ea3o m\u1eadt v\u00e0 nguy\u00ean t\u1eafc c\u1ee7a trang web c\u1ee7a ch\u00fang t\u00f4i:<\/p>\n<p style=\"font-weight: 400;\">Khung ph\u00e1p l\u00fd \u2013 lu\u1eadt b\u1ea3o m\u1eadt<\/p>\n<p style=\"font-weight: 400;\">Ch\u00ednh s\u00e1ch b\u1ea3o m\u1eadt n\u00e0y tu\u00e2n theo lu\u1eadt b\u1ea3o m\u1eadt \u0111\u01b0\u1ee3c h\u01b0\u1edbng d\u1eabn b\u1edfi https:\/\/www.dataprotectionauthority.be<\/p>\n<p style=\"font-weight: 400;\">v\u00e0 bao g\u1ed3m nh\u1eefng \u0111i\u1ec1u nh\u01b0:<\/p>\n<ul style=\"font-weight: 400;\">\n<li>\u0110\u1ea1o lu\u1eadt B\u1ea3o v\u1ec7 D\u1eef li\u1ec7u B\u1ec9 ng\u00e0y 8 th\u00e1ng 12 n\u0103m 1992 v\u1ec1 b\u1ea3o v\u1ec7 quy\u1ec1n ri\u00eang t\u01b0 li\u00ean quan \u0111\u1ebfn vi\u1ec7c x\u1eed l\u00fd d\u1eef li\u1ec7u c\u00e1 nh\u00e2n (\u0111\u00e3 \u0111\u01b0\u1ee3c s\u1eeda \u0111\u1ed5i) (&#8220;\u0110\u1ea1o lu\u1eadt B\u1ea3o m\u1eadt&#8221;); v\u00e0<\/li>\n<li>Quy \u0111\u1ecbnh (EU) 2016\/679 c\u1ee7a Ngh\u1ecb vi\u1ec7n Ch\u00e2u \u00c2u v\u00e0 c\u1ee7a H\u1ed9i \u0111\u1ed3ng ng\u00e0y 27 th\u00e1ng 4 n\u0103m 2016 v\u1ec1 b\u1ea3o v\u1ec7 c\u00e1 nh\u00e2n li\u00ean quan \u0111\u1ebfn vi\u1ec7c x\u1eed l\u00fd d\u1eef li\u1ec7u c\u00e1 nh\u00e2n v\u00e0 v\u1ec1 t\u1ef1 do di chuy\u1ec3n d\u1eef li\u1ec7u \u0111\u00f3, v\u00e0 b\u00e3i b\u1ecf Ch\u1ec9 th\u1ecb 95\/46\/EC (Quy \u0111\u1ecbnh B\u1ea3o v\u1ec7 D\u1eef li\u1ec7u Chung) (&#8220;GDPR&#8221;); v\u00e0<\/li>\n<li>T\u1ea5t c\u1ea3 c\u00e1c lu\u1eadt hi\u1ec7n h\u00e0nh kh\u00e1c li\u00ean quan \u0111\u1ebfn b\u1ea3o v\u1ec7 quy\u1ec1n ri\u00eang t\u01b0 v\u00e0 x\u1eed l\u00fd d\u1eef li\u1ec7u c\u00e1 nh\u00e2n;<\/li>\n<\/ul>\n<p style=\"font-weight: 400;\">Trang web n\u00e0y ch\u1ec9 x\u1eed l\u00fd \u0111\u1ecba ch\u1ec9 IP c\u1ee7a b\u1ea1n \u0111\u1ec3 cung c\u1ea5p d\u1eef li\u1ec7u \u0111\u01b0\u1ee3c y\u00eau c\u1ea7u.<\/p>\n<p style=\"font-weight: 400;\">Kh\u00f4ng c\u00f3 theo d\u00f5i. Kh\u00f4ng c\u00f3 cookie n\u00e0o \u0111\u01b0\u1ee3c l\u01b0u tr\u1eef. <\/p>\n<p style=\"font-weight: 400;\">C\u00e1c video \u0111\u01b0\u1ee3c l\u01b0u tr\u1eef tr\u00ean m\u00e1y ch\u1ee7 web c\u1ee7a b\u00ean th\u1ee9 ba t\u1ea1i <a href=\"https:\/\/iscmtrust.org\/privacy-policy\/_wp_link_placeholder\">www.Vimeo.com<\/a><\/p>\n<p style=\"font-weight: 400;\">C\u1ed5ng th\u00f4ng tin quy\u00ean g\u00f3p www.SimulationCentre.org thu\u1ed9c s\u1edf h\u1eefu ho\u00e0n to\u00e0n c\u1ee7a ISCM Foundation v\u00e0 ch\u1ec9 ghi l\u1ea1i th\u00f4ng tin giao d\u1ecbch c\u1ea7n thi\u1ebft \u0111\u1ec3 ho\u00e0n t\u1ea5t vi\u1ec7c quy\u00ean g\u00f3p b\u1edfi c\u00f4ng ty x\u1eed l\u00fd thanh to\u00e1n b\u00ean th\u1ee9 ba c\u1ee7a ch\u00fang t\u00f4i.<\/p>\n<p style=\"font-weight: 400;\">Ch\u00ednh s\u00e1ch B\u1ea3o m\u1eadt n\u00e0y \u00e1p d\u1ee5ng cho th\u00f4ng tin m\u00e0 ISCM Foundation thu th\u1eadp v\u1ec1 c\u00e1c c\u00e1 nh\u00e2n t\u01b0\u01a1ng t\u00e1c v\u1edbi t\u1ed5 ch\u1ee9c c\u1ee7a ch\u00fang t\u00f4i. N\u00f3 gi\u1ea3i th\u00edch th\u00f4ng tin c\u00e1 nh\u00e2n n\u00e0o ch\u00fang t\u00f4i thu th\u1eadp v\u00e0 c\u00e1ch ch\u00fang t\u00f4i s\u1eed d\u1ee5ng n\u00f3. <\/p>\n<p style=\"font-weight: 400;\">N\u1ebfu b\u1ea1n c\u00f3 b\u1ea5t k\u1ef3 \u00fd ki\u1ebfn ho\u1eb7c c\u00e2u h\u1ecfi n\u00e0o v\u1ec1 th\u00f4ng b\u00e1o n\u00e0y, vui l\u00f2ng li\u00ean h\u1ec7 v\u1edbi ch\u00fang t\u00f4i t\u1ea1i info@ISCMfoundation.org<\/p>\n<ol>\n<li style=\"font-weight: 400;\"><strong> D\u1eef li\u1ec7u c\u00e1 nh\u00e2n m\u00e0 ch\u00fang t\u00f4i x\u1eed l\u00fd<\/strong><\/li>\n<\/ol>\n<p style=\"font-weight: 400;\">B\u1ea3ng sau gi\u1ea3i th\u00edch c\u00e1c lo\u1ea1i d\u1eef li\u1ec7u ch\u00fang t\u00f4i thu th\u1eadp v\u00e0 c\u01a1 s\u1edf ph\u00e1p l\u00fd, theo lu\u1eadt b\u1ea3o v\u1ec7 d\u1eef li\u1ec7u hi\u1ec7n h\u00e0nh, m\u00e0 d\u1eef li\u1ec7u n\u00e0y \u0111\u01b0\u1ee3c x\u1eed l\u00fd.<\/p>\n<p style=\"font-weight: 400;\">M\u1ee5c \u0111\u00edch<\/p>\n<p style=\"font-weight: 400;\">H\u1ecfi v\u1ec1 t\u1ed5 ch\u1ee9c c\u1ee7a ch\u00fang t\u00f4i v\u00e0 c\u00f4ng vi\u1ec7c c\u1ee7a n\u00f3<\/p>\n<p style=\"font-weight: 400;\">D\u1eef li\u1ec7u (c\u00e1c y\u1ebfu t\u1ed1 ch\u00ednh)<\/p>\n<p style=\"font-weight: 400;\">T\u00ean, email, tin nh\u1eafn<\/p>\n<p style=\"font-weight: 400;\">C\u01a1 s\u1edf<\/p>\n<p style=\"font-weight: 400;\">L\u1ee3i \u00edch h\u1ee3p ph\u00e1p \u2013 c\u1ea7n thi\u1ebft \u0111\u1ec3 ch\u00fang t\u00f4i \u0111\u1ecdc v\u00e0 l\u01b0u tr\u1eef tin nh\u1eafn c\u1ee7a b\u1ea1n \u0111\u1ec3 ch\u00fang t\u00f4i c\u00f3 th\u1ec3 ph\u1ea3n h\u1ed3i theo c\u00e1ch m\u00e0 b\u1ea1n mong \u0111\u1ee3i.<\/p>\n<p style=\"font-weight: 400;\">\u0110\u0103ng k\u00fd c\u1eadp nh\u1eadt email v\u1ec1 c\u00f4ng vi\u1ec7c c\u1ee7a ch\u00fang t\u00f4i<\/p>\n<p style=\"font-weight: 400;\">T\u00ean, email<\/p>\n<p style=\"font-weight: 400;\">S\u1ef1 \u0111\u1ed3ng \u00fd \u2013 b\u1ea1n \u0111\u00e3 \u0111\u01b0a ra s\u1ef1 \u0111\u1ed3ng \u00fd ch\u1ee7 \u0111\u1ed9ng c\u1ee7a m\u00ecnh.<\/p>\n<p style=\"font-weight: 400;\">Th\u1ef1c hi\u1ec7n quy\u00ean g\u00f3p<\/p>\n<p style=\"font-weight: 400;\">T\u00ean, email, \u0111\u1ecba ch\u1ec9, th\u00f4ng tin thanh to\u00e1n<\/p>\n<p style=\"font-weight: 400;\">L\u1ee3i \u00edch h\u1ee3p ph\u00e1p \u2013 th\u00f4ng tin n\u00e0y l\u00e0 c\u1ea7n thi\u1ebft \u0111\u1ec3 ch\u00fang t\u00f4i th\u1ef1c hi\u1ec7n \u00fd \u0111\u1ecbnh quy\u00ean g\u00f3p ti\u1ec1n c\u1ee7a b\u1ea1n v\u00e0 mong \u0111\u1ee3i c\u1ee7a b\u1ea1n v\u1ec1 vi\u1ec7c nh\u1eadn \u0111\u01b0\u1ee3c tin nh\u1eafn x\u00e1c nh\u1eadn.<\/p>\n<p style=\"font-weight: 400;\">Ch\u1ee9c n\u0103ng trang web<\/p>\n<p style=\"font-weight: 400;\">Kh\u00f4ng l\u01b0u tr\u1eef b\u1ea5t k\u1ef3 th\u00f4ng tin n\u00e0o v\u1ec1 ho\u1ea1t \u0111\u1ed9ng c\u1ee7a ng\u01b0\u1eddi d\u00f9ng<\/p>\n<p style=\"font-weight: 400;\">L\u1ee3i \u00edch h\u1ee3p ph\u00e1p<\/p>\n<p style=\"font-weight: 400;\">\u2013 b\u1ea3o v\u1ec7 quy\u1ec1n ri\u00eang t\u01b0 c\u1ee7a b\u1ea1n. Do \u0111\u00f3, kh\u00f4ng c\u1ea7n thi\u1ebft ph\u1ea3i l\u01b0u tr\u1eef m\u1ed9t l\u01b0\u1ee3ng nh\u1ecf th\u00f4ng tin, th\u01b0\u1eddng th\u00f4ng qua cookie, \u0111\u1ec3 cung c\u1ea5p ch\u1ee9c n\u0103ng m\u00e0 b\u1ea1n mong \u0111\u1ee3i, ch\u1eb3ng h\u1ea1n nh\u01b0 ghi nh\u1edb n\u1ed9i dung quy\u00ean g\u00f3p c\u1ee7a b\u1ea1n tr\u01b0\u1edbc khi b\u1ea1n ho\u00e0n t\u1ea5t qu\u00e1 tr\u00ecnh b\u1edfi c\u00f4ng ty x\u1eed l\u00fd thanh to\u00e1n b\u00ean th\u1ee9 ba c\u1ee7a ch\u00fang t\u00f4i. <\/p>\n<ol start=\"2\">\n<li style=\"font-weight: 400;\"><strong> C\u00e1ch ch\u00fang t\u00f4i s\u1eed d\u1ee5ng d\u1eef li\u1ec7u c\u1ee7a b\u1ea1n<\/strong><\/li>\n<\/ol>\n<p style=\"font-weight: 400;\">Ch\u00fang t\u00f4i s\u1ebd ch\u1ec9 s\u1eed d\u1ee5ng d\u1eef li\u1ec7u c\u1ee7a b\u1ea1n theo c\u00e1ch ph\u00f9 h\u1ee3p v\u1edbi c\u01a1 s\u1edf m\u00e0 d\u1eef li\u1ec7u \u0111\u00f3 \u0111\u01b0\u1ee3c thu th\u1eadp, nh\u01b0 \u0111\u01b0\u1ee3c n\u00eau trong b\u1ea3ng \u1edf \u0111\u1ea7u ch\u00ednh s\u00e1ch n\u00e0y.<br \/>\nV\u00ed d\u1ee5, ch\u00fang t\u00f4i c\u00f3 th\u1ec3 s\u1eed d\u1ee5ng th\u00f4ng tin c\u00e1 nh\u00e2n c\u1ee7a b\u1ea1n \u0111\u1ec3:<\/p>\n<ul style=\"font-weight: 400;\">\n<li>tr\u1ea3 l\u1eddi c\u00e1c c\u00e2u h\u1ecfi b\u1ea1n g\u1eedi cho ch\u00fang t\u00f4i;<\/li>\n<li>x\u1eed l\u00fd c\u00e1c kho\u1ea3n quy\u00ean g\u00f3p ho\u1eb7c c\u00e1c giao d\u1ecbch kh\u00e1c m\u00e0 b\u1ea1n kh\u1edfi t\u1ea1o;<\/li>\n<li>n\u01a1i b\u1ea1n \u0111\u00e3 \u0111\u1ed3ng \u00fd c\u1ee5 th\u1ec3 v\u1ec1 \u0111i\u1ec1u n\u00e0y.<\/li>\n<\/ul>\n<ol start=\"3\">\n<li style=\"font-weight: 400;\"><strong> Khi n\u00e0o ch\u00fang t\u00f4i chia s\u1ebb d\u1eef li\u1ec7u c\u1ee7a b\u1ea1n<\/strong><\/li>\n<\/ol>\n<p style=\"font-weight: 400;\">Ch\u00fang t\u00f4i s\u1ebd ch\u1ec9 chuy\u1ec3n d\u1eef li\u1ec7u c\u1ee7a b\u1ea1n cho b\u00ean th\u1ee9 ba trong c\u00e1c tr\u01b0\u1eddng h\u1ee3p sau:<\/p>\n<ul style=\"font-weight: 400;\">\n<li>b\u1ea1n \u0111\u00e3 cung c\u1ea5p s\u1ef1 \u0111\u1ed3ng \u00fd r\u00f5 r\u00e0ng cho ch\u00fang t\u00f4i \u0111\u1ec3 chuy\u1ec3n d\u1eef li\u1ec7u cho m\u1ed9t b\u00ean th\u1ee9 ba \u0111\u01b0\u1ee3c ch\u1ec9 \u0111\u1ecbnh;<\/li>\n<li>ch\u00fang t\u00f4i \u0111ang s\u1eed d\u1ee5ng m\u1ed9t b\u00ean th\u1ee9 ba ch\u1ec9 v\u1edbi m\u1ee5c \u0111\u00edch x\u1eed l\u00fd d\u1eef li\u1ec7u thay m\u1eb7t ch\u00fang t\u00f4i v\u00e0 ch\u00fang t\u00f4i c\u00f3 th\u1ecfa thu\u1eadn x\u1eed l\u00fd d\u1eef li\u1ec7u v\u1edbi b\u00ean th\u1ee9 ba \u0111\u00f3 \u0111\u00e1p \u1ee9ng c\u00e1c ngh\u0129a v\u1ee5 ph\u00e1p l\u00fd c\u1ee7a ch\u00fang t\u00f4i li\u00ean quan \u0111\u1ebfn vi\u1ec7c s\u1eed d\u1ee5ng b\u00ean x\u1eed l\u00fd d\u1eef li\u1ec7u th\u1ee9 ba; ho\u1eb7c<\/li>\n<li>ch\u00fang t\u00f4i \u0111\u01b0\u1ee3c y\u00eau c\u1ea7u b\u1edfi ph\u00e1p lu\u1eadt \u0111\u1ec3 chia s\u1ebb d\u1eef li\u1ec7u c\u1ee7a b\u1ea1n.<\/li>\n<\/ul>\n<p style=\"font-weight: 400;\">Ngo\u00e0i ra, ch\u00fang t\u00f4i s\u1ebd ch\u1ec9 chuy\u1ec3n d\u1eef li\u1ec7u cho c\u00e1c b\u00ean th\u1ee9 ba b\u00ean ngo\u00e0i EU khi c\u00f3 c\u00e1c bi\u1ec7n ph\u00e1p b\u1ea3o v\u1ec7 th\u00edch h\u1ee3p nh\u01b0 \u0111\u01b0\u1ee3c \u0111\u1ecbnh ngh\u0129a trong \u0110i\u1ec1u 46 c\u1ee7a Quy \u0111\u1ecbnh B\u1ea3o v\u1ec7 D\u1eef li\u1ec7u Chung.<\/p>\n<ol start=\"4\">\n<li style=\"font-weight: 400;\"><strong> Ch\u00fang t\u00f4i l\u01b0u gi\u1eef d\u1eef li\u1ec7u c\u1ee7a b\u1ea1n trong bao l\u00e2u<\/strong><\/li>\n<\/ol>\n<p style=\"font-weight: 400;\">Ch\u00fang t\u00f4i r\u1ea5t coi tr\u1ecdng c\u00e1c nguy\u00ean t\u1eafc v\u1ec1 gi\u1ea3m thi\u1ec3u d\u1eef li\u1ec7u v\u00e0 lo\u1ea1i b\u1ecf d\u1eef li\u1ec7u v\u00e0 c\u00f3 c\u00e1c ch\u00ednh s\u00e1ch n\u1ed9i b\u1ed9 \u0111\u1ec3 \u0111\u1ea3m b\u1ea3o r\u1eb1ng ch\u00fang t\u00f4i ch\u1ec9 y\u00eau c\u1ea7u l\u01b0\u1ee3ng d\u1eef li\u1ec7u t\u1ed1i thi\u1ec3u c\u1ea7n thi\u1ebft cho m\u1ee5c \u0111\u00edch li\u00ean quan v\u00e0 x\u00f3a d\u1eef li\u1ec7u \u0111\u00f3 ngay khi kh\u00f4ng c\u00f2n c\u1ea7n thi\u1ebft n\u1eefa. Ch\u00fang t\u00f4i x\u00f3a t\u1ea5t c\u1ea3 d\u1eef li\u1ec7u c\u1ea7n thi\u1ebft \u0111\u1ec3 t\u1ea1o Ch\u1ee9ng nh\u1eadn Quy\u00ean g\u00f3p kh\u00f4ng l\u00e2u h\u01a1n th\u1eddi gian \u00e1p d\u1ee5ng theo lu\u1eadt.<br \/>\nKhi d\u1eef li\u1ec7u \u0111\u01b0\u1ee3c thu th\u1eadp tr\u00ean c\u01a1 s\u1edf \u0111\u1ed3ng \u00fd, ch\u00fang t\u00f4i s\u1ebd t\u00ecm ki\u1ebfm s\u1ef1 gia h\u1ea1n \u0111\u1ed3ng \u00fd \u00edt nh\u1ea5t ba n\u0103m m\u1ed9t l\u1ea7n. <\/p>\n<ol start=\"5\">\n<li style=\"font-weight: 400;\"><strong> Quy\u1ec1n b\u1ea1n c\u00f3 \u0111\u1ed1i v\u1edbi d\u1eef li\u1ec7u c\u1ee7a m\u00ecnh<\/strong><\/li>\n<\/ol>\n<p style=\"font-weight: 400;\">B\u1ea1n c\u00f3 m\u1ed9t lo\u1ea1t quy\u1ec1n \u0111\u1ed1i v\u1edbi d\u1eef li\u1ec7u c\u1ee7a m\u00ecnh, bao g\u1ed3m:<\/p>\n<ul style=\"font-weight: 400;\">\n<li>Khi vi\u1ec7c x\u1eed l\u00fd d\u1eef li\u1ec7u d\u1ef1a tr\u00ean s\u1ef1 \u0111\u1ed3ng \u00fd, b\u1ea1n c\u00f3 th\u1ec3 thu h\u1ed3i s\u1ef1 \u0111\u1ed3ng \u00fd n\u00e0y b\u1ea5t c\u1ee9 l\u00fac n\u00e0o v\u00e0 ch\u00fang t\u00f4i s\u1ebd l\u00e0m cho vi\u1ec7c n\u00e0y tr\u1edf n\u00ean d\u1ec5 d\u00e0ng nh\u1ea5t c\u00f3 th\u1ec3 \u0111\u1ed1i v\u1edbi b\u1ea1n.<\/li>\n<li>B\u1ea1n c\u00f3 quy\u1ec1n y\u00eau c\u1ea7u ch\u1ec9nh s\u1eeda v\u00e0\/ho\u1eb7c x\u00f3a th\u00f4ng tin c\u1ee7a m\u00ecnh.<\/li>\n<li>B\u1ea1n c\u00f3 quy\u1ec1n truy c\u1eadp th\u00f4ng tin c\u1ee7a m\u00ecnh.<\/li>\n<li>B\u1ea1n c\u00f3 quy\u1ec1n khi\u1ebfu n\u1ea1i v\u1edbi C\u01a1 quan B\u1ea3o v\u1ec7 D\u1eef li\u1ec7u n\u1ebfu b\u1ea1n c\u1ea3m th\u1ea5y quy\u1ec1n c\u1ee7a m\u00ecnh b\u1ecb vi ph\u1ea1m.<\/li>\n<\/ul>\n<p style=\"font-weight: 400;\">B\u1ea1n c\u00f3 th\u1ec3 t\u00ecm th\u1ea5y b\u1ea3n t\u00f3m t\u1eaft \u0111\u1ea7y \u0111\u1ee7 v\u1ec1 c\u00e1c quy\u1ec1n ph\u00e1p l\u00fd c\u1ee7a b\u1ea1n \u0111\u1ed1i v\u1edbi d\u1eef li\u1ec7u c\u1ee7a m\u00ecnh tr\u00ean trang web c\u1ee7a C\u01a1 quan B\u1ea3o v\u1ec7 D\u1eef li\u1ec7u t\u1ea1i \u0111\u00e2y: <a href=\"https:\/\/www.dataprotectionauthority.be\/\">https:\/\/www.dataprotectionauthority.be<\/a><\/p>\n<p style=\"font-weight: 400;\">N\u1ebfu b\u1ea1n mu\u1ed1n truy c\u1eadp c\u00e1c quy\u1ec1n \u0111\u01b0\u1ee3c li\u1ec7t k\u00ea \u1edf tr\u00ean, ho\u1eb7c b\u1ea5t k\u1ef3 quy\u1ec1n ph\u00e1p l\u00fd n\u00e0o kh\u00e1c m\u00e0 b\u1ea1n c\u00f3 \u0111\u1ed1i v\u1edbi d\u1eef li\u1ec7u c\u1ee7a m\u00ecnh theo lu\u1eadt hi\u1ec7n h\u00e0nh, vui l\u00f2ng li\u00ean h\u1ec7 v\u1edbi ch\u00fang t\u00f4i.<br \/>\nXin l\u01b0u \u00fd r\u1eb1ng vi\u1ec7c d\u1ef1a v\u00e0o m\u1ed9t s\u1ed1 quy\u1ec1n n\u00e0y, ch\u1eb3ng h\u1ea1n nh\u01b0 quy\u1ec1n x\u00f3a d\u1eef li\u1ec7u c\u1ee7a b\u1ea1n, s\u1ebd khi\u1ebfn ch\u00fang t\u00f4i kh\u00f4ng th\u1ec3 ti\u1ebfp t\u1ee5c cung c\u1ea5p m\u1ed9t s\u1ed1 d\u1ecbch v\u1ee5 cho b\u1ea1n. Tuy nhi\u00ean, khi c\u00f3 th\u1ec3, ch\u00fang t\u00f4i s\u1ebd lu\u00f4n c\u1ed1 g\u1eafng cho ph\u00e9p b\u1ea1n truy c\u1eadp t\u1ed1i \u0111a v\u00e0o c\u00e1c quy\u1ec1n c\u1ee7a m\u00ecnh trong khi v\u1eabn ti\u1ebfp t\u1ee5c cung c\u1ea5p c\u00e0ng nhi\u1ec1u d\u1ecbch v\u1ee5 cho b\u1ea1n c\u00e0ng t\u1ed1t. <\/p>\n<ol start=\"6\">\n<li style=\"font-weight: 400;\"><strong> Cookie  theo d\u00f5i s\u1eed d\u1ee5ng<\/strong><\/li>\n<\/ol>\n<p style=\"font-weight: 400;\">Ch\u00fang t\u00f4i coi tr\u1ecdng quy\u1ec1n ri\u00eang t\u01b0 c\u1ee7a b\u1ea1n v\u00e0 kh\u00f4ng s\u1eed d\u1ee5ng cookie. Cookie l\u00e0 m\u1ed9t t\u1ec7p nh\u1ecf g\u1ed3m c\u00e1c ch\u1eef c\u00e1i v\u00e0 s\u1ed1 \u0111\u01b0\u1ee3c t\u1ea3i xu\u1ed1ng m\u00e1y t\u00ednh c\u1ee7a b\u1ea1n khi b\u1ea1n truy c\u1eadp m\u1ed9t trang web. Cookie \u0111\u01b0\u1ee3c s\u1eed d\u1ee5ng b\u1edfi nhi\u1ec1u trang web v\u00e0 c\u00f3 th\u1ec3 th\u1ef1c hi\u1ec7n m\u1ed9t s\u1ed1 vi\u1ec7c, v\u00ed d\u1ee5 nh\u01b0 ghi nh\u1edb t\u00f9y ch\u1ecdn c\u1ee7a b\u1ea1n, ghi l\u1ea1i nh\u1eefng g\u00ec b\u1ea1n \u0111\u00e3 nh\u1eadp tr\u00ean trang web c\u1ee7a ch\u00fang t\u00f4i, v\u00e0 \u0111\u1ebfm s\u1ed1 ng\u01b0\u1eddi \u0111ang xem m\u1ed9t trang web.  <\/p>\n<ol start=\"7\">\n<li style=\"font-weight: 400;\"><strong> S\u1eeda \u0111\u1ed5i<\/strong><\/li>\n<\/ol>\n<p style=\"font-weight: 400;\">Ch\u00fang t\u00f4i c\u00f3 th\u1ec3 s\u1eeda \u0111\u1ed5i Ch\u00ednh s\u00e1ch B\u1ea3o m\u1eadt n\u00e0y theo th\u1eddi gian v\u00e0 s\u1ebd c\u00f4ng b\u1ed1 phi\u00ean b\u1ea3n m\u1edbi nh\u1ea5t tr\u00ean trang web c\u1ee7a ch\u00fang t\u00f4i. N\u1ebfu m\u1ed9t s\u1eeda \u0111\u1ed5i l\u00e0m gi\u1ea3m \u0111\u00e1ng k\u1ec3 quy\u1ec1n c\u1ee7a b\u1ea1n, ch\u00fang t\u00f4i s\u1ebd th\u00f4ng b\u00e1o cho nh\u1eefng ng\u01b0\u1eddi c\u00f3 d\u1eef li\u1ec7u c\u00e1 nh\u00e2n m\u00e0 ch\u00fang t\u00f4i n\u1eafm gi\u1eef v\u00e0 b\u1ecb \u1ea3nh h\u01b0\u1edfng. <\/p>\n<p>&nbsp;<\/p>\n","protected":false},"excerpt":{"rendered":"<p>C\u00e1ch ch\u00fang t\u00f4i t\u00f4n tr\u1ecdng quy\u1ec1n ri\u00eang t\u01b0 khi x\u1eed l\u00fd th\u00f4ng tin c\u00e1 nh\u00e2n \u0111\u01b0\u1ee3c thu th\u1eadp b\u1edfi t\u1ed5 ch\u1ee9c c\u1ee7a ch\u00fang t\u00f4i. L\u01b0u \u00fd v\u1ec1 Ch\u00ednh s\u00e1ch b\u1ea3o m\u1eadt v\u00e0 nguy\u00ean t\u1eafc c\u1ee7a trang web c\u1ee7a ch\u00fang t\u00f4i: Khung ph\u00e1p l\u00fd \u2013 lu\u1eadt b\u1ea3o m\u1eadt Ch\u00ednh s\u00e1ch b\u1ea3o m\u1eadt n\u00e0y tu\u00e2n theo lu\u1eadt [&hellip;]<\/p>\n","protected":false},"author":1,"featured_media":0,"parent":0,"menu_order":0,"comment_status":"closed","ping_status":"closed","template":"","meta":{"_et_pb_use_builder":"","_et_pb_old_content":"","_et_gb_content_width":"","footnotes":""},"class_list":["post-3493","page","type-page","status-publish","hentry"],"_links":{"self":[{"href":"https:\/\/simulationcentre.org\/vi\/wp-json\/wp\/v2\/pages\/3493","targetHints":{"allow":["GET"]}}],"collection":[{"href":"https:\/\/simulationcentre.org\/vi\/wp-json\/wp\/v2\/pages"}],"about":[{"href":"https:\/\/simulationcentre.org\/vi\/wp-json\/wp\/v2\/types\/page"}],"author":[{"embeddable":true,"href":"https:\/\/simulationcentre.org\/vi\/wp-json\/wp\/v2\/users\/1"}],"replies":[{"embeddable":true,"href":"https:\/\/simulationcentre.org\/vi\/wp-json\/wp\/v2\/comments?post=3493"}],"version-history":[{"count":0,"href":"https:\/\/simulationcentre.org\/vi\/wp-json\/wp\/v2\/pages\/3493\/revisions"}],"wp:attachment":[{"href":"https:\/\/simulationcentre.org\/vi\/wp-json\/wp\/v2\/media?parent=3493"}],"curies":[{"name":"wp","href":"https:\/\/api.w.org\/{rel}","templated":true}]}}